{"id":6162,"date":"2018-02-24T10:33:22","date_gmt":"2018-02-24T09:33:22","guid":{"rendered":"http:\/\/alpin-pro.at\/?page_id=6162"},"modified":"2025-03-31T20:26:31","modified_gmt":"2025-03-31T18:26:31","slug":"guides","status":"publish","type":"page","link":"https:\/\/alpin-pro.at\/en\/guides\/","title":{"rendered":"GUIDES"},"content":{"rendered":"<p><section   class=\"fw-main-row-custom fw-main-row-top fw-section-no-padding  auto  fw-section-position-back tf-sh-dc96d4f6c648f46e44263cd2419821a3\"    >\n\t\t\t<div class=\"fw-container-fluid\" >\n\t\t<div class=\"fw-row\">\n\t<div id=\"column-69e7f91ad2f12\" class=\"fw-col-sm-12 tf-sh-066edac9fe4ef4b1dde4096d2f8ee9af  fw-col-no-padding\" >\n\t<div class=\"fw-wrap-col-inner clearfix\"   >\n\t\t\t\t<div class=\"fw-col-inner\">\n\t\t\t<link href=\"https:\/\/fonts.googleapis.com\/css?family=Montserrat:700%7CRaleway:200%2C300%2C400\" rel=\"stylesheet\" property=\"stylesheet\" type=\"text\/css\" media=\"all\">\n<div id=\"rev_slider_6_1_wrapper\" class=\"rev_slider_wrapper fullwidthbanner-container\" data-source=\"gallery\" style=\"margin:0px auto;background:transparent;padding:0px;margin-top:0px;margin-bottom:0px;\">\n<!-- START REVOLUTION SLIDER 5.4.7.1 fullwidth mode -->\n\t<div id=\"rev_slider_6_1\" class=\"rev_slider fullwidthabanner\" style=\"display:none;\" data-version=\"5.4.7.1\">\n<ul>\t<!-- SLIDE  -->\n\t<li data-index=\"rs-13\" data-transition=\"slideleft\" data-slotamount=\"default\" data-hideafterloop=\"0\" data-hideslideonmobile=\"off\"  data-easein=\"default\" data-easeout=\"default\" data-masterspeed=\"default\"  data-delay=\"8200\"  data-rotate=\"0\"  data-saveperformance=\"off\"  data-title=\"Slide\" data-param1=\"\" data-param2=\"\" data-param3=\"\" data-param4=\"\" data-param5=\"\" data-param6=\"\" data-param7=\"\" data-param8=\"\" data-param9=\"\" data-param10=\"\" data-description=\"\">\n\t\t<!-- MAIN IMAGE -->\n\t\t<img src=\"https:\/\/alpin-pro.at\/wp-content\/plugins\/revslider\/admin\/assets\/images\/dummy.png\"  alt=\"\" title=\"hero-team\"  width=\"1500\" height=\"717\" data-lazyload=\"https:\/\/alpin-pro.at\/wp-content\/uploads\/2018\/02\/hero-team.jpg\" data-bgposition=\"center bottom\" data-bgfit=\"cover\" data-bgrepeat=\"no-repeat\" data-bgparallax=\"off\" class=\"rev-slidebg\" data-no-retina>\n\t\t<!-- LAYERS -->\n\n\t\t<!-- LAYER NR. 1 -->\n\t\t<div class=\"tp-caption montserrat117white   tp-resizeme\" \n\t\t\t id=\"slide-13-layer-2\" \n\t\t\t data-x=\"['center','center','center','center']\" data-hoffset=\"['-203','-231','-180','-116']\" \n\t\t\t data-y=\"['top','top','top','top']\" data-voffset=\"['198','137','73','32']\" \n\t\t\t\t\t\tdata-fontsize=\"['113','90','65','50']\"\n\t\t\tdata-width=\"none\"\n\t\t\tdata-height=\"none\"\n\t\t\tdata-whitespace=\"nowrap\"\n \n\t\t\tdata-type=\"text\" \n\t\t\tdata-responsive_offset=\"on\" \n\n\t\t\tdata-frames='[{\"delay\":1000,\"speed\":400,\"frame\":\"0\",\"from\":\"y:-50px;opacity:0;\",\"to\":\"o:1;\",\"ease\":\"easeOutCubic\"},{\"delay\":\"wait\",\"speed\":300,\"frame\":\"999\",\"ease\":\"nothing\"}]'\n\t\t\tdata-textalign=\"['left','left','left','left']\"\n\t\t\tdata-paddingtop=\"[0,0,0,0]\"\n\t\t\tdata-paddingright=\"[0,0,0,0]\"\n\t\t\tdata-paddingbottom=\"[0,0,0,0]\"\n\t\t\tdata-paddingleft=\"[0,0,0,0]\"\n\n\t\t\tstyle=\"z-index: 5; white-space: nowrap; line-height: 60px; color: rgba(255,255,255,1); letter-spacing: px;letter-spacing:0px;\">GUIDES <\/div>\n\n\t\t<!-- LAYER NR. 2 -->\n\t\t<div class=\"tp-caption ralewaypink2   tp-resizeme\" \n\t\t\t id=\"slide-13-layer-4\" \n\t\t\t data-x=\"['left','left','left','left']\" data-hoffset=\"['581','274','113','48']\" \n\t\t\t data-y=\"['top','top','top','top']\" data-voffset=\"['289','220','136','90']\" \n\t\t\t\t\t\tdata-fontsize=\"['46','38','35','32']\"\n\t\t\tdata-fontweight=\"['200','200','300','200']\"\n\t\t\tdata-width=\"none\"\n\t\t\tdata-height=\"none\"\n\t\t\tdata-whitespace=\"nowrap\"\n \n\t\t\tdata-type=\"text\" \n\t\t\tdata-responsive_offset=\"on\" \n\n\t\t\tdata-frames='[{\"delay\":1450,\"speed\":400,\"frame\":\"0\",\"from\":\"y:-50px;opacity:0;\",\"to\":\"o:1;\",\"ease\":\"easeOutCubic\"},{\"delay\":\"wait\",\"speed\":300,\"frame\":\"999\",\"ease\":\"nothing\"}]'\n\t\t\tdata-textalign=\"['left','left','left','left']\"\n\t\t\tdata-paddingtop=\"[0,0,0,0]\"\n\t\t\tdata-paddingright=\"[0,0,0,0]\"\n\t\t\tdata-paddingbottom=\"[0,0,0,0]\"\n\t\t\tdata-paddingleft=\"[0,0,0,0]\"\n\n\t\t\tstyle=\"z-index: 6; white-space: nowrap; line-height: 60px; color: #b4a935; letter-spacing: px;\">& <\/div>\n\n\t\t<!-- LAYER NR. 3 -->\n\t\t<div class=\"tp-caption raleway200pink   tp-resizeme\" \n\t\t\t id=\"slide-13-layer-5\" \n\t\t\t data-x=\"['left','left','left','left']\" data-hoffset=\"['618','302','147','71']\" \n\t\t\t data-y=\"['top','top','top','top']\" data-voffset=\"['286','217','135','90']\" \n\t\t\t\t\t\tdata-fontsize=\"['60','50','38','35']\"\n\t\t\tdata-fontweight=\"['200','200','400','400']\"\n\t\t\tdata-width=\"none\"\n\t\t\tdata-height=\"none\"\n\t\t\tdata-whitespace=\"nowrap\"\n \n\t\t\tdata-type=\"text\" \n\t\t\tdata-responsive_offset=\"on\" \n\n\t\t\tdata-frames='[{\"delay\":1450,\"speed\":400,\"frame\":\"0\",\"from\":\"y:-50px;opacity:0;\",\"to\":\"o:1;\",\"ease\":\"easeOutCubic\"},{\"delay\":\"wait\",\"speed\":300,\"frame\":\"999\",\"ease\":\"nothing\"}]'\n\t\t\tdata-textalign=\"['left','left','left','left']\"\n\t\t\tdata-paddingtop=\"[0,0,0,0]\"\n\t\t\tdata-paddingright=\"[0,0,0,0]\"\n\t\t\tdata-paddingbottom=\"[0,0,0,0]\"\n\t\t\tdata-paddingleft=\"[0,0,0,0]\"\n\n\t\t\tstyle=\"z-index: 7; white-space: nowrap; line-height: 60px; color: #b4a935; letter-spacing: px;letter-spacing:-2px;\">PHILOSOPHY <\/div>\n\t<\/li>\n<\/ul>\n<div class=\"tp-bannertimer\" style=\"height: 5px; background: rgba(0,0,0,0.15);\"><\/div>\t<\/div>\n<script>var htmlDiv = document.getElementById(\"rs-plugin-settings-inline-css\"); var htmlDivCss=\".tp-caption.montserrat117white,.montserrat117white{color:#ffffff;font-size:113px;font-weight:700;font-family:Montserrat;text-decoration:none;background-color:transparent;border-width:0px;border-color:rgb(0,0,0);border-style:none;text-shadow:none;letter-spacing:-5px}.tp-caption.raleway200pink,.raleway200pink{font-size:60px;font-weight:200;font-family:Raleway;color:#d12a5c;text-decoration:none;background-color:transparent;border-width:0px;border-color:rgb(0,0,0);border-style:none;text-shadow:none;letter-spacing:-4px}.tp-caption.ralewaypink2,.ralewaypink2{font-size:46px;font-weight:200;font-family:Raleway;color:rgb(209,42,92);text-decoration:none;background-color:transparent;border-width:0px;border-color:rgb(0,0,0);border-style:none;text-shadow:none;letter-spacing:-4px}\";\r\n\t\t\t\tif(htmlDiv) {\r\n\t\t\t\t\thtmlDiv.innerHTML = htmlDiv.innerHTML + htmlDivCss;\r\n\t\t\t\t}else{\r\n\t\t\t\t\tvar htmlDiv = document.createElement(\"div\");\r\n\t\t\t\t\thtmlDiv.innerHTML = \"<style>\" + htmlDivCss + \"<\/style>\";\r\n\t\t\t\t\tdocument.getElementsByTagName(\"head\")[0].appendChild(htmlDiv.childNodes[0]);\r\n\t\t\t\t}\r\n\t\t\t<\/script>\n\t\t<script type=\"text\/javascript\">\r\nif (setREVStartSize!==undefined) setREVStartSize(\r\n\t{c: '#rev_slider_6_1', responsiveLevels: [1240,1024,778,480], gridwidth: [1920,1240,778,480], gridheight: [520,450,350,250], sliderLayout: 'fullwidth'});\r\n\t\t\t\r\nvar revapi6,\r\n\ttpj;\t\r\n(function() {\t\t\t\r\n\tif (!\/loaded|interactive|complete\/.test(document.readyState)) document.addEventListener(\"DOMContentLoaded\",onLoad)\r\n\t\telse\r\n\tonLoad();\r\n\t\r\n\tfunction onLoad() {\t\t\t\t\r\n\t\tif (tpj===undefined) {\r\n\t\t\ttpj = jQuery;\r\n\r\n\t\t\tif(\"off\" == \"on\") tpj.noConflict();\t\t\r\n\t\t}\r\n\tif(tpj(\"#rev_slider_6_1\").revolution == undefined){\n\t\trevslider_showDoubleJqueryError(\"#rev_slider_6_1\");\n\t}else{\n\t\trevapi6 = tpj(\"#rev_slider_6_1\").show().revolution({\n\t\t\tsliderType:\"standard\",\n\t\t\tjsFileLocation:\"\/\/alpin-pro.at\/wp-content\/plugins\/revslider\/public\/assets\/js\/\",\n\t\t\tsliderLayout:\"fullwidth\",\n\t\t\tdottedOverlay:\"none\",\n\t\t\tdelay:9000,\n\t\t\tnavigation: {\n\t\t\t\tkeyboardNavigation:\"off\",\n\t\t\t\tkeyboard_direction: \"horizontal\",\n\t\t\t\tmouseScrollNavigation:\"off\",\n \t\t\t\t\t\t\tmouseScrollReverse:\"default\",\n\t\t\t\tonHoverStop:\"off\",\n\t\t\t\ttouch:{\n\t\t\t\t\ttouchenabled:\"on\",\n\t\t\t\t\ttouchOnDesktop:\"off\",\n\t\t\t\t\tswipe_threshold: 75,\n\t\t\t\t\tswipe_min_touches: 50,\n\t\t\t\t\tswipe_direction: \"horizontal\",\n\t\t\t\t\tdrag_block_vertical: false\n\t\t\t\t}\n\t\t\t},\n\t\t\tresponsiveLevels:[1240,1024,778,480],\n\t\t\tvisibilityLevels:[1240,1024,778,480],\n\t\t\tgridwidth:[1920,1240,778,480],\n\t\t\tgridheight:[520,450,350,250],\n\t\t\tlazyType:\"smart\",\n\t\t\tparallax: {\n\t\t\t\ttype:\"mouse\",\n\t\t\t\torigo:\"slidercenter\",\n\t\t\t\tspeed:2000,\n\t\t\t\tspeedbg:0,\n\t\t\t\tspeedls:0,\n\t\t\t\tlevels:[2,3,4,5,6,7,12,16,10,50,47,48,49,50,51,55],\n\t\t\t},\n\t\t\tshadow:0,\n\t\t\tspinner:\"off\",\n\t\t\tstopLoop:\"on\",\n\t\t\tstopAfterLoops:0,\n\t\t\tstopAtSlide:1,\n\t\t\tshuffle:\"off\",\n\t\t\tautoHeight:\"off\",\n\t\t\thideThumbsOnMobile:\"off\",\n\t\t\thideSliderAtLimit:0,\n\t\t\thideCaptionAtLimit:0,\n\t\t\thideAllCaptionAtLilmit:0,\n\t\t\tdebugMode:false,\n\t\t\tfallbacks: {\n\t\t\t\tsimplifyAll:\"off\",\n\t\t\t\tnextSlideOnWindowFocus:\"off\",\n\t\t\t\tdisableFocusListener:false,\n\t\t\t}\n\t\t});\n\t}; \/* END OF revapi call *\/\n\t\n }; \/* END OF ON LOAD FUNCTION *\/\r\n}()); \/* END OF WRAPPING FUNCTION *\/\r\n<\/script>\r\n\t\t<\/div><!-- END REVOLUTION SLIDER -->\t\t<\/div>\n\t<\/div>\n<\/div><\/div>\n\n\t<\/div>\n\t<\/section><section   class=\"fw-main-row-custom  auto  fw-section-position-back tf-sh-dd3014150371646a15c835c9aa649b1c\"    >\n\t\t\t<div class=\"fw-container\" >\n\t\t<div class=\"fw-row\">\n\t<div id=\"column-69e7f91ad5e44\" class=\"fw-tablet-hide-element fw-col-sm-4 fw-mobile-hide-element tf-sh-22c2d5fd1fe77fb13dd051100addd87a who-are-we fw-animated-element fw-col-no-padding\" data-animation-type=\"fadeInLeft\" data-animation-delay=\"400\">\n\t<div class=\"fw-wrap-col-inner clearfix   fw-column-height-custom\" style=\"height: 340px;\"  >\n\t\t\t\t\t<div class=\"fw-main-row-overlay\"><\/div>\n\t\t\t\t<div class=\"fw-col-inner\">\n\t\t\t<div class=\"fw-heading fw-heading-center  fw-heading-with-subtitle tf-sh-c8bafa7ff0a04940438315bd6aba8c11\" >\n\t\t\t<h2 class=\"fw-special-title\">ALPIN-PRO<\/h2>\n\t\n\t\n\t\t\t<div class=\"fw-special-subtitle\">Professionals <br>with intelligence and charm.<\/div>\n\t<\/div>\t<div  class=\"fw-divider tf-sh-4f97957a44f43330d7871aeae5ca2c69  fw-divider-align-center fw-line-solid fw-divider-line   fw_theme_border_only_color_1\"  style=\"width:25%; padding-top:21px; margin-bottom:0px; \" ><\/div>\n\t\t<\/div>\n\t<\/div>\n<\/div><div id=\"column-69e7f91ad61d5\" class=\"fw-col-sm-12 fw-col-md-8 tf-sh-0e7d1f2c487546d5bccbc7c579e3fbb9  fw-animated-element fw-col-no-padding\" data-animation-type=\"fadeInRight\" data-animation-delay=\"400\">\n\t<div class=\"fw-wrap-col-inner clearfix\"   >\n\t\t\t\t<div class=\"fw-col-inner\">\n\t\t\t<div class=\"fw-heading fw-heading-left story-heading fw-heading-with-subtitle tf-sh-2a3d8a461a0597a5cb8f7fe4877f605b\" >\n\t\t\t<h2 class=\"fw-special-title\">PHILOSOPHY<\/h2>\n\t\n\t\n\t\t\t<div class=\"fw-special-subtitle\">To respond to sporting concerns and to put them to practice goal-oriented. - Because every day is worth becoming a special one\u2026<\/div>\n\t<\/div><div class=\"fw-divider-space space-sm  clearfix\"  ><\/div>\n\t\n\t\t<div class=\"fw-block-image-parent\"  style=\"width: 100%; \">\n\t\t\t<span class=\"fw-block-image-child fw-ratio-4-3 fw-ratio-container\">\n\t\t\t\t<meta property=\"og:image\" content=\"https:\/\/alpin-pro.at\/wp-content\/uploads\/2018\/02\/alpinpro-panorama.jpg\" \/><noscript itemscope itemtype=\"https:\/\/schema.org\/ImageObject\" itemprop=\"image\"><img src=\"https:\/\/alpin-pro.at\/wp-content\/uploads\/2018\/02\/alpinpro-panorama.jpg\"  alt=\"alpinpro-panorama\" data-maxdpr=\"1.7\" class=\"lazyload\" \/><meta itemprop=\"url\" content=\"https:\/\/alpin-pro.at\/wp-content\/uploads\/2018\/02\/alpinpro-panorama.jpg\"><meta itemprop=\"width\" content=\"1200\"><meta itemprop=\"height\" content=\"893\"><\/noscript><img src=\"data:image\/gif;base64,R0lGODlhAQABAIAAAAAAAP\/\/\/yH5BAEAAAAALAAAAAABAAEAAAIBRAA7\" data-sizes=\"auto\" data-srcset=\"https:\/\/alpin-pro.at\/wp-content\/uploads\/2018\/02\/alpinpro-panorama-300x223.jpg 300w, https:\/\/alpin-pro.at\/wp-content\/uploads\/2018\/02\/alpinpro-panorama-768x572.jpg 768w, https:\/\/alpin-pro.at\/wp-content\/uploads\/2018\/02\/alpinpro-panorama-1024x762.jpg 1024w, https:\/\/alpin-pro.at\/wp-content\/uploads\/2018\/02\/alpinpro-panorama-393x295.jpg 393w, https:\/\/alpin-pro.at\/wp-content\/uploads\/2018\/02\/alpinpro-panorama-786x590.jpg 786w, https:\/\/alpin-pro.at\/wp-content\/uploads\/2018\/02\/alpinpro-panorama-600x447.jpg 600w, https:\/\/alpin-pro.at\/wp-content\/uploads\/2018\/02\/alpinpro-panorama-600x447.jpg 600w, https:\/\/alpin-pro.at\/wp-content\/uploads\/2018\/02\/alpinpro-panorama.jpg 1200w\"   alt=\"alpinpro-panorama\" data-maxdpr=\"1.7\" class=\"lazyload\" \/>\t\t\t\t\t\t\t<\/span>\n\t\t<\/div>\n\n\t\n\t\t<\/div>\n\t<\/div>\n<\/div><\/div>\n\n\t<\/div>\n\t<\/section><section   class=\"fw-main-row-custom  auto  fw-section-position-back tf-sh-0fe6b11e6f09058de75ab6308acfd822\"  style=\" background-color:#ffffff;\"  >\n\t\t\t<div class=\"fw-container\" >\n\t\t<div class=\"fw-row\">\n\t<div id=\"column-69e7f91ad6c63\" class=\"fw-col-sm-12 tf-sh-eeb4b854950090212d9d86fcb5dd0c95\" >\n\t<div class=\"fw-wrap-col-inner clearfix\"   >\n\t\t\t\t<div class=\"fw-col-inner\">\n\t\t\t<div class=\"fw-heading fw-heading-center  fw-heading-with-subtitle fw-animated-element tf-sh-31fb3da9a1b8666210c792b2cacc33a8\"  data-animation-type=\"fadeInUp\" data-animation-delay=\"200\">\n\t\t\t<h2 class=\"fw-special-title\">GUIDES<\/h2>\n\t\n\t\n\t\t\t<div class=\"fw-special-subtitle\">Your very own ALPIN-PRO professionals<\/div>\n\t<\/div>\t<div  class=\"fw-divider tf-sh-098d0e41f5c0876ce45014982099cbdc  fw-mobile-hide-element fw-animated-element fw-divider-align-center fw-line-solid fw-divider-line   fw_theme_border_only_color_1\"  data-animation-type=\"fadeInUp\" data-animation-delay=\"200\" style=\"width:115px; padding-top:40px; margin-bottom:40px; \" ><\/div>\n\t\t<\/div>\n\t<\/div>\n<\/div><\/div>\n\n<div class=\"fw-row\">\n\t<div id=\"column-69e7f91ad70a8\" class=\"fw-col-sm-4 tf-sh-c0d2a9d03f029c50b3716c79c8c4ef55\" >\n\t<div class=\"fw-wrap-col-inner clearfix\"   >\n\t\t\t\t<div class=\"fw-col-inner\">\n\t\t\t\n\t\t\t<div class=\"fw-block-image-parent fw-overlay-1 fw-block-image-icon  fw-block-image-circle fw-block-image-center\"  style=\"width: 250px; \">\n\t\t\t<a class=\"fw-block-image-child fw-ratio-1 fw-ratio-container\" href=\"https:\/\/alpin-pro.at\/en\/christian\/\" >\n\t\t\t\t<meta property=\"og:image\" content=\"https:\/\/alpin-pro.at\/wp-content\/uploads\/2025\/03\/christian_wartusch-team-2025.jpg\" \/><noscript itemscope itemtype=\"https:\/\/schema.org\/ImageObject\" itemprop=\"image\"><img src=\"https:\/\/alpin-pro.at\/wp-content\/uploads\/2025\/03\/christian_wartusch-team-2025.jpg\"  alt=\"christian_wartusch-team-2025\" data-maxdpr=\"1.7\" width=\"250\" class=\"lazyload\" \/><meta itemprop=\"url\" content=\"https:\/\/alpin-pro.at\/wp-content\/uploads\/2025\/03\/christian_wartusch-team-2025.jpg\"><meta itemprop=\"width\" content=\"600\"><meta itemprop=\"height\" content=\"600\"><\/noscript><img src=\"data:image\/gif;base64,R0lGODlhAQABAIAAAAAAAP\/\/\/yH5BAEAAAAALAAAAAABAAEAAAIBRAA7\" data-sizes=\"auto\" data-srcset=\"https:\/\/alpin-pro.at\/wp-content\/uploads\/2025\/03\/christian_wartusch-team-2025-300x300.jpg 300w, https:\/\/alpin-pro.at\/wp-content\/uploads\/2025\/03\/christian_wartusch-team-2025-150x150.jpg 150w, https:\/\/alpin-pro.at\/wp-content\/uploads\/2025\/03\/christian_wartusch-team-2025-12x12.jpg 12w, https:\/\/alpin-pro.at\/wp-content\/uploads\/2025\/03\/christian_wartusch-team-2025-590x600.jpg 590w, https:\/\/alpin-pro.at\/wp-content\/uploads\/2025\/03\/christian_wartusch-team-2025-590x600.jpg 590w, https:\/\/alpin-pro.at\/wp-content\/uploads\/2025\/03\/christian_wartusch-team-2025-600x590.jpg 600w, https:\/\/alpin-pro.at\/wp-content\/uploads\/2025\/03\/christian_wartusch-team-2025-300x300.jpg 300w, https:\/\/alpin-pro.at\/wp-content\/uploads\/2025\/03\/christian_wartusch-team-2025.jpg 600w\"   alt=\"christian_wartusch-team-2025\" data-maxdpr=\"1.7\" width=\"250\" class=\"lazyload\" \/>\t\t\t\t                                    <div class=\"fw-block-image-overlay\">\n                        <div class=\"fw-itable\">\n                            <div class=\"fw-icell\">\n                                <i class=\"fw-icon-link\"><\/i>\n                            <\/div>\n                        <\/div>\n                    <\/div>\n                \t\t\t<\/a>\n\t\t<\/div>\n\t\n<div class=\"fw-iconbox clearfix tf-sh-08611308e38e54c20b66d5178d37ce18 fw-iconbox-1    bg-none  fw-animated-element\"  data-animation-type=\"fadeInUp\" data-animation-delay=\"200\">\n\t<div class=\"fw-iconbox-image\" style=\"\">\n\t\t\t\t\t<i class=\"\" style=\"\"><\/i>\n\t\t\t<\/div>\n\n\t<div class=\"fw-iconbox-aside\">\n\t\t\t\t\t<div class=\"fw-iconbox-title\">\n\t\t\t\t<h4>CHRISTIAN WARTUSCH<\/h4>\n\t\t\t<\/div>\n\t\t\n\t\t\t\t\t<div class=\"fw-iconbox-text\">\n\t\t\t\t<p>UIAMG mountain- and ski guide, certified ski instructor, coach<\/p><p><i class=\"fa fa-phone\"><\/i> +43 (0)676 746 02 46<br \/><i class=\"fa fa-envelope\"><\/i> <a href=\"\/en\/m&\/#97;&#x69;&#x6c;t&#111;&#58;&#x63;&#x68;r&#105;&#x73;&#x74;i&#97;&#110;&#x40;&#x61;l&#112;&#x69;&#x6e;-&#112;&#114;&#x6f;&#x2e;a&#116;\">&#x63;&#x68;&#114;&#105;st&#x69;&#x61;&#x6e;&#64;al&#x70;&#x69;&#x6e;&#45;&#112;r&#x6f;&#x2e;&#x61;&#116;<\/a><\/p>\t\t\t<\/div>\n\t\t\n\t\t\t\t\t<div class=\"text-center\">\t\t\t<a href=\"https:\/\/alpin-pro.at\/en\/christian\/\" target=\"_self\" class=\"fw-btn  fw-btn-md fw-btn-1\" style=\"\" >\n\t\t\t\t<span>\n\t\t\t\t\t\t\t\t\t\t\t<i class=\"pull-left-icon fa fa-angle-right\" style=\"font-size:12px;\"><\/i>PROFILE\t\t\t\t\t\t\t\t\t<\/span>\n\t\t\t<\/a>\n\t\t\t<\/div>\t\t\t<\/div>\n<\/div>\t\t<\/div>\n\t<\/div>\n<\/div><div id=\"column-69e7f91ad77a9\" class=\"fw-col-sm-4 tf-sh-7fa9763aec0e1881838e495dbd8376cd\" >\n\t<div class=\"fw-wrap-col-inner clearfix\"   >\n\t\t\t\t<div class=\"fw-col-inner\">\n\t\t\t\n\t\t\t<div class=\"fw-block-image-parent fw-overlay-1 fw-block-image-icon  fw-block-image-circle fw-block-image-center\"  style=\"width: 250px; \">\n\t\t\t<a class=\"fw-block-image-child fw-ratio-1 fw-ratio-container\" href=\"https:\/\/alpin-pro.at\/en\/alexander\/\" >\n\t\t\t\t<meta property=\"og:image\" content=\"https:\/\/alpin-pro.at\/wp-content\/uploads\/2019\/02\/alexander-bluemel-team-2019.jpg\" \/><noscript itemscope itemtype=\"https:\/\/schema.org\/ImageObject\" itemprop=\"image\"><img src=\"https:\/\/alpin-pro.at\/wp-content\/uploads\/2019\/02\/alexander-bluemel-team-2019.jpg\"  alt=\"alexander-bluemel-team-2019\" data-maxdpr=\"1.7\" width=\"250\" class=\"lazyload\" \/><meta itemprop=\"url\" content=\"https:\/\/alpin-pro.at\/wp-content\/uploads\/2019\/02\/alexander-bluemel-team-2019.jpg\"><meta itemprop=\"width\" content=\"600\"><meta itemprop=\"height\" content=\"600\"><\/noscript><img src=\"data:image\/gif;base64,R0lGODlhAQABAIAAAAAAAP\/\/\/yH5BAEAAAAALAAAAAABAAEAAAIBRAA7\" data-sizes=\"auto\" data-srcset=\"https:\/\/alpin-pro.at\/wp-content\/uploads\/2019\/02\/alexander-bluemel-team-2019-150x150.jpg 150w, https:\/\/alpin-pro.at\/wp-content\/uploads\/2019\/02\/alexander-bluemel-team-2019-300x300.jpg 300w, https:\/\/alpin-pro.at\/wp-content\/uploads\/2019\/02\/alexander-bluemel-team-2019-590x600.jpg 590w, https:\/\/alpin-pro.at\/wp-content\/uploads\/2019\/02\/alexander-bluemel-team-2019-600x600.jpg 600w, https:\/\/alpin-pro.at\/wp-content\/uploads\/2019\/02\/alexander-bluemel-team-2019-600x600.jpg 600w, https:\/\/alpin-pro.at\/wp-content\/uploads\/2019\/02\/alexander-bluemel-team-2019-590x600.jpg 590w, https:\/\/alpin-pro.at\/wp-content\/uploads\/2019\/02\/alexander-bluemel-team-2019-600x590.jpg 600w, https:\/\/alpin-pro.at\/wp-content\/uploads\/2019\/02\/alexander-bluemel-team-2019-300x300.jpg 300w, https:\/\/alpin-pro.at\/wp-content\/uploads\/2019\/02\/alexander-bluemel-team-2019.jpg 600w\"   alt=\"alexander-bluemel-team-2019\" data-maxdpr=\"1.7\" width=\"250\" class=\"lazyload\" \/>\t\t\t\t                                    <div class=\"fw-block-image-overlay\">\n                        <div class=\"fw-itable\">\n                            <div class=\"fw-icell\">\n                                <i class=\"fw-icon-link\"><\/i>\n                            <\/div>\n                        <\/div>\n                    <\/div>\n                \t\t\t<\/a>\n\t\t<\/div>\n\t\n<div class=\"fw-iconbox clearfix tf-sh-7140d0b2c17219bede9f31582e9b1124 fw-iconbox-1    bg-none  fw-animated-element\"  data-animation-type=\"fadeInUp\" data-animation-delay=\"200\">\n\t<div class=\"fw-iconbox-image\" style=\"\">\n\t\t\t\t\t<i class=\"\" style=\"\"><\/i>\n\t\t\t<\/div>\n\n\t<div class=\"fw-iconbox-aside\">\n\t\t\t\t\t<div class=\"fw-iconbox-title\">\n\t\t\t\t<h4>ALEXANDER BL\u00dcMEL<\/h4>\n\t\t\t<\/div>\n\t\t\n\t\t\t\t\t<div class=\"fw-iconbox-text\">\n\t\t\t\t<p>UIAMG mountain- and ski guide<\/p><p><i class=\"fa fa-phone\"><\/i> +43 (0)660 680 67 82<br \/><i class=\"fa fa-envelope\"><\/i> <a href=\"\/en\/&\/#x6d;&#x61;&#x69;&#x6c;&#x74;&#111;&#58;&#97;&#108;exa&#x6e;&#x64;&#x65;&#x72;&#x40;&#x61;&#108;&#112;&#105;n-p&#x72;&#x6f;&#x2e;&#x61;&#x74;\">&#97;&#x6c;&#101;&#x78;a&#x6e;d&#101;&#x72;&#64;&#x61;l&#x70;i&#110;&#x2d;&#112;&#x72;o&#x2e;a&#116;<\/a><\/p>\t\t\t<\/div>\n\t\t\n\t\t\t\t\t<div class=\"text-center\">\t\t\t<a href=\"https:\/\/alpin-pro.at\/en\/alexander\/\" target=\"_self\" class=\"fw-btn  fw-btn-md fw-btn-1\" style=\"\" >\n\t\t\t\t<span>\n\t\t\t\t\t\t\t\t\t\t\t<i class=\"pull-left-icon fa fa-angle-right\" style=\"font-size:12px;\"><\/i>PROFILE\t\t\t\t\t\t\t\t\t<\/span>\n\t\t\t<\/a>\n\t\t\t<\/div>\t\t\t<\/div>\n<\/div>\t\t<\/div>\n\t<\/div>\n<\/div><div id=\"column-69e7f91ad7ddb\" class=\"fw-col-sm-4 tf-sh-f101539921e0d8a8b820c081a2f40520\" >\n\t<div class=\"fw-wrap-col-inner clearfix\"   >\n\t\t\t\t<div class=\"fw-col-inner\">\n\t\t\t\n\t\t\t<div class=\"fw-block-image-parent fw-overlay-1 fw-block-image-icon  fw-block-image-circle fw-block-image-center\"  style=\"width: 250px; \">\n\t\t\t<a class=\"fw-block-image-child fw-ratio-1 fw-ratio-container\" href=\"https:\/\/alpin-pro.at\/en\/oscar\/\" >\n\t\t\t\t<meta property=\"og:image\" content=\"https:\/\/alpin-pro.at\/wp-content\/uploads\/2025\/03\/oscar-sosa-team-2025.jpg\" \/><noscript itemscope itemtype=\"https:\/\/schema.org\/ImageObject\" itemprop=\"image\"><img src=\"https:\/\/alpin-pro.at\/wp-content\/uploads\/2025\/03\/oscar-sosa-team-2025.jpg\"  alt=\"oscar-sosa-team-2025\" data-maxdpr=\"1.7\" width=\"250\" class=\"lazyload\" \/><meta itemprop=\"url\" content=\"https:\/\/alpin-pro.at\/wp-content\/uploads\/2025\/03\/oscar-sosa-team-2025.jpg\"><meta itemprop=\"width\" content=\"600\"><meta itemprop=\"height\" content=\"600\"><\/noscript><img src=\"data:image\/gif;base64,R0lGODlhAQABAIAAAAAAAP\/\/\/yH5BAEAAAAALAAAAAABAAEAAAIBRAA7\" data-sizes=\"auto\" data-srcset=\"https:\/\/alpin-pro.at\/wp-content\/uploads\/2025\/03\/oscar-sosa-team-2025-300x300.jpg 300w, https:\/\/alpin-pro.at\/wp-content\/uploads\/2025\/03\/oscar-sosa-team-2025-150x150.jpg 150w, https:\/\/alpin-pro.at\/wp-content\/uploads\/2025\/03\/oscar-sosa-team-2025-12x12.jpg 12w, https:\/\/alpin-pro.at\/wp-content\/uploads\/2025\/03\/oscar-sosa-team-2025-590x600.jpg 590w, https:\/\/alpin-pro.at\/wp-content\/uploads\/2025\/03\/oscar-sosa-team-2025-590x600.jpg 590w, https:\/\/alpin-pro.at\/wp-content\/uploads\/2025\/03\/oscar-sosa-team-2025-600x590.jpg 600w, https:\/\/alpin-pro.at\/wp-content\/uploads\/2025\/03\/oscar-sosa-team-2025-300x300.jpg 300w, https:\/\/alpin-pro.at\/wp-content\/uploads\/2025\/03\/oscar-sosa-team-2025.jpg 600w\"   alt=\"oscar-sosa-team-2025\" data-maxdpr=\"1.7\" width=\"250\" class=\"lazyload\" \/>\t\t\t\t                                    <div class=\"fw-block-image-overlay\">\n                        <div class=\"fw-itable\">\n                            <div class=\"fw-icell\">\n                                <i class=\"fw-icon-link\"><\/i>\n                            <\/div>\n                        <\/div>\n                    <\/div>\n                \t\t\t<\/a>\n\t\t<\/div>\n\t\n<div class=\"fw-iconbox clearfix tf-sh-0fb1195e9c6ccef7aefc84d7781cc489 fw-iconbox-1    bg-none  fw-animated-element\"  data-animation-type=\"fadeInUp\" data-animation-delay=\"200\">\n\t<div class=\"fw-iconbox-image\" style=\"\">\n\t\t\t\t\t<i class=\"\" style=\"\"><\/i>\n\t\t\t<\/div>\n\n\t<div class=\"fw-iconbox-aside\">\n\t\t\t\t\t<div class=\"fw-iconbox-title\">\n\t\t\t\t<h4>OSCAR SOSA<\/h4>\n\t\t\t<\/div>\n\t\t\n\t\t\t\t\t<div class=\"fw-iconbox-text\">\n\t\t\t\t<p>staatlich gepr\u00fcfter Skilehrer und Skif\u00fchrer, Trainer<\/p><p><i class=\"fa fa-phone\"><\/i> +43 (0)664 944 59 66<br \/><i class=\"fa fa-envelope\"><\/i> <a href=\"mailto: &#x6f;&#115;k&#x69;&#64;a&#x6c;&#112;i&#x6e;&#x2d;&#112;&#x72;&#x6f;&#46;a&#x74;\">o&#115;&#107;&#105;&#x40;&#x61;&#x6c;pi&#110;&#45;&#x70;&#x72;&#x6f;&#x2e;at<\/a><\/p>\t\t\t<\/div>\n\t\t\n\t\t\t\t\t<div class=\"text-center\">\t\t\t<a href=\"https:\/\/alpin-pro.at\/en\/oscar\/\" target=\"_self\" class=\"fw-btn  fw-btn-md fw-btn-1\" style=\"\" >\n\t\t\t\t<span>\n\t\t\t\t\t\t\t\t\t\t\t<i class=\"pull-left-icon fa fa-angle-right\" style=\"font-size:12px;\"><\/i>PROFILE\t\t\t\t\t\t\t\t\t<\/span>\n\t\t\t<\/a>\n\t\t\t<\/div>\t\t\t<\/div>\n<\/div>\t\t<\/div>\n\t<\/div>\n<\/div><\/div>\n\n<div class=\"fw-row\">\n\t<div id=\"column-69e7f91ad848a\" class=\"fw-col-sm-12 tf-sh-f9ba65a8ddc963f165297cb376819331\" >\n\t<div class=\"fw-wrap-col-inner clearfix\"   >\n\t\t\t\t<div class=\"fw-col-inner\">\n\t\t\t<div class=\"fw-divider-space space-md  clearfix\"  ><\/div>\t\t<\/div>\n\t<\/div>\n<\/div><\/div>\n\n\t<\/div>\n\t<\/section><\/p>","protected":false},"excerpt":{"rendered":"<p>GUIDES &#038; PHILOSOPHIE ALPIN-PRO Kompetente Experten mit Herz &#038; Verstand. PHILOSOPHIE Auf sportliche Anliegen eingehen, sie sicher und zielorientiert umsetzen. &#8211; Denn jeder Tag ist es wert, ein ganz Besonderer zu werden. GUIDES Ihre ganz pers\u00f6nlichen ALPIN-PRO Profis CHRISTIAN WARTUSCH UIAGM Berg- und Skif\u00fchrer, staatlich gepr\u00fcfter Skilehrer, Trainer +43 (0)676 746 02 46 &#x63;&#104;&#x72;&#105;s&#x74;&#105;a&#x6e;&#64;&#x61;&#x6c;p&#x69;&#110;-&#x70;&#114;&#x6f;&#x2e;a&#x74; ZUM [&hellip;]<\/p>","protected":false},"author":1,"featured_media":0,"parent":0,"menu_order":0,"comment_status":"closed","ping_status":"closed","template":"visual-builder-template.php","meta":{"_seopress_robots_primary_cat":""},"_links":{"self":[{"href":"https:\/\/alpin-pro.at\/en\/wp-json\/wp\/v2\/pages\/6162"}],"collection":[{"href":"https:\/\/alpin-pro.at\/en\/wp-json\/wp\/v2\/pages"}],"about":[{"href":"https:\/\/alpin-pro.at\/en\/wp-json\/wp\/v2\/types\/page"}],"author":[{"embeddable":true,"href":"https:\/\/alpin-pro.at\/en\/wp-json\/wp\/v2\/users\/1"}],"replies":[{"embeddable":true,"href":"https:\/\/alpin-pro.at\/en\/wp-json\/wp\/v2\/comments?post=6162"}],"version-history":[{"count":11,"href":"https:\/\/alpin-pro.at\/en\/wp-json\/wp\/v2\/pages\/6162\/revisions"}],"predecessor-version":[{"id":7814,"href":"https:\/\/alpin-pro.at\/en\/wp-json\/wp\/v2\/pages\/6162\/revisions\/7814"}],"wp:attachment":[{"href":"https:\/\/alpin-pro.at\/en\/wp-json\/wp\/v2\/media?parent=6162"}],"curies":[{"name":"wp","href":"https:\/\/api.w.org\/{rel}","templated":true}]}}