{"id":6213,"date":"2018-02-24T14:08:25","date_gmt":"2018-02-24T13:08:25","guid":{"rendered":"http:\/\/alpin-pro.at\/?page_id=6213"},"modified":"2025-03-31T20:27:22","modified_gmt":"2025-03-31T18:27:22","slug":"christian","status":"publish","type":"page","link":"https:\/\/alpin-pro.at\/en\/christian\/","title":{"rendered":"Christian"},"content":{"rendered":"<p><section   class=\"fw-main-row-custom fw-main-row-top fw-section-no-padding  auto  fw-section-position-back tf-sh-b6d3d97a7ffc3a3fb5c39ceb4b1c84fe\"    >\n\t\t\t<div class=\"fw-container\" style=\"background-color:#ffffff;\">\n\t\t<div class=\"fw-row\">\n\t<div id=\"column-69e05f687b8ec\" class=\"fw-col-sm-6 fw-col-md-8 tf-sh-34235ea5b2a6ffbca34649a27f007c72  fw-col-no-padding\" >\n\t<div class=\"fw-wrap-col-inner clearfix\"   >\n\t\t\t\t<div class=\"fw-col-inner\">\n\t\t\t<div class=\"fw-heading fw-heading-left  fw-heading-with-subtitle fw-animated-element tf-sh-849ae527bba5c9946eddeec09fee16c5\"  data-animation-type=\"fadeInUp\" data-animation-delay=\"200\">\n\t\t\t<h2 class=\"fw-special-title\">CHRISTIAN WARTUSCH<\/h2>\n\t\n\t\n\t\t\t<div class=\"fw-special-subtitle\">At quite an early age I already discovered doing sports in the Tyrolean mountains for myself and soon committed myself to it.<\/div>\n\t<\/div>\t<div  class=\"fw-divider tf-sh-10a594df5d66982bcf65945f1f74429f  fw-animated-element fw-divider-align-left fw-line-solid fw-divider-line\"  data-animation-type=\"fadeInLeft\" data-animation-delay=\"200\" style=\"width:86px; padding-top:20px; margin-bottom:20px; border-color:#d3d3d3;\" ><\/div>\n<div class=\"fw-text-box tf-sh-368bf4246d55f20c170d208b05539a57\" >\n\t<div class=\"fw-text-inner\">\n\t\t<p>As a boy it was more a way to do something meaningful with my pile of energy, later on, as  a sportsman and coach. This made it possible for me to travel the world for many years and to experience some of the most beautiful places on earth. (like e.g. Australia, New Zealand, Canada, the USA, South America as well as Europe).<\/p>\n<p>These days I made it my business to pass on my passion for sports in the mountains safely not only to my customers, but also in my training courses.<\/p>\n\t<\/div>\n<\/div>\t\t<\/div>\n\t<\/div>\n<\/div><div id=\"column-69e05f687bd56\" class=\"fw-col-sm-6 fw-col-md-4 tf-sh-6e432cd79717fc0d276f723af1264437  fw-col-no-padding\" >\n\t<div class=\"fw-wrap-col-inner clearfix\"   >\n\t\t\t\t<div class=\"fw-col-inner\">\n\t\t\t\n\t\t\t        \t\t<div class=\"fw-block-image-parent fw-overlay-1 fw-block-image-icon\"  style=\"width: 100%; \">\n            \t\t\t<a class=\"fw-block-image-child fw-ratio-1 fw-ratio-container\" href=\"\/\/alpin-pro.at\/wp-content\/uploads\/2025\/03\/christian_wartusch-team-2025.jpg\" data-rel=\"prettyPhoto\" rel=\"prettyPhoto\">\n\t\t\t\t<meta property=\"og:image\" content=\"https:\/\/alpin-pro.at\/wp-content\/uploads\/2025\/03\/christian_wartusch-team-2025.jpg\" \/><noscript itemscope itemtype=\"https:\/\/schema.org\/ImageObject\" itemprop=\"image\"><img src=\"https:\/\/alpin-pro.at\/wp-content\/uploads\/2025\/03\/christian_wartusch-team-2025.jpg\"  alt=\"christian_wartusch-team-2025\" data-maxdpr=\"1.7\" class=\"lazyload\" \/><meta itemprop=\"url\" content=\"https:\/\/alpin-pro.at\/wp-content\/uploads\/2025\/03\/christian_wartusch-team-2025.jpg\"><meta itemprop=\"width\" content=\"600\"><meta itemprop=\"height\" content=\"600\"><\/noscript><img src=\"data:image\/gif;base64,R0lGODlhAQABAIAAAAAAAP\/\/\/yH5BAEAAAAALAAAAAABAAEAAAIBRAA7\" data-sizes=\"auto\" data-srcset=\"https:\/\/alpin-pro.at\/wp-content\/uploads\/2025\/03\/christian_wartusch-team-2025-300x300.jpg 300w, https:\/\/alpin-pro.at\/wp-content\/uploads\/2025\/03\/christian_wartusch-team-2025-150x150.jpg 150w, https:\/\/alpin-pro.at\/wp-content\/uploads\/2025\/03\/christian_wartusch-team-2025-12x12.jpg 12w, https:\/\/alpin-pro.at\/wp-content\/uploads\/2025\/03\/christian_wartusch-team-2025-590x600.jpg 590w, https:\/\/alpin-pro.at\/wp-content\/uploads\/2025\/03\/christian_wartusch-team-2025-590x600.jpg 590w, https:\/\/alpin-pro.at\/wp-content\/uploads\/2025\/03\/christian_wartusch-team-2025-600x590.jpg 600w, https:\/\/alpin-pro.at\/wp-content\/uploads\/2025\/03\/christian_wartusch-team-2025-300x300.jpg 300w, https:\/\/alpin-pro.at\/wp-content\/uploads\/2025\/03\/christian_wartusch-team-2025.jpg 600w\"   alt=\"christian_wartusch-team-2025\" data-maxdpr=\"1.7\" class=\"lazyload\" \/>\t\t\t\t                                    <div class=\"fw-block-image-overlay\">\n                        <div class=\"fw-itable\">\n                            <div class=\"fw-icell\">\n                                <i class=\"fw-icon-zoom\"><\/i>\n                            <\/div>\n                        <\/div>\n                    <\/div>\n                \t\t\t<\/a>\n            \t\t<\/div>\n\n\t\n\n\t\t\t        \t\t<div class=\"fw-block-image-parent fw-overlay-1 fw-block-image-icon\"  style=\"width: 100%; \">\n            \t\t\t<a class=\"fw-block-image-child fw-ratio-4-3 fw-ratio-container\" href=\"\/\/alpin-pro.at\/wp-content\/uploads\/2018\/08\/christian_wartusch_spitzbergen.jpg\" data-rel=\"prettyPhoto\" rel=\"prettyPhoto\">\n\t\t\t\t<meta property=\"og:image\" content=\"https:\/\/alpin-pro.at\/wp-content\/uploads\/2018\/08\/christian_wartusch_spitzbergen.jpg\" \/><noscript itemscope itemtype=\"https:\/\/schema.org\/ImageObject\" itemprop=\"image\"><img src=\"https:\/\/alpin-pro.at\/wp-content\/uploads\/2018\/08\/christian_wartusch_spitzbergen.jpg\"  alt=\"christian_wartusch_spitzbergen\" data-maxdpr=\"1.7\" class=\"lazyload\" \/><meta itemprop=\"url\" content=\"https:\/\/alpin-pro.at\/wp-content\/uploads\/2018\/08\/christian_wartusch_spitzbergen.jpg\"><meta itemprop=\"width\" content=\"1200\"><meta itemprop=\"height\" content=\"800\"><\/noscript><img src=\"data:image\/gif;base64,R0lGODlhAQABAIAAAAAAAP\/\/\/yH5BAEAAAAALAAAAAABAAEAAAIBRAA7\" data-sizes=\"auto\" data-srcset=\"https:\/\/alpin-pro.at\/wp-content\/uploads\/2018\/08\/christian_wartusch_spitzbergen-393x295.jpg 393w, https:\/\/alpin-pro.at\/wp-content\/uploads\/2018\/08\/christian_wartusch_spitzbergen-786x590.jpg 786w\"   alt=\"christian_wartusch_spitzbergen\" data-maxdpr=\"1.7\" class=\"lazyload\" \/>\t\t\t\t                                    <div class=\"fw-block-image-overlay\">\n                        <div class=\"fw-itable\">\n                            <div class=\"fw-icell\">\n                                <i class=\"fw-icon-zoom\"><\/i>\n                            <\/div>\n                        <\/div>\n                    <\/div>\n                \t\t\t<\/a>\n            \t\t<\/div>\n\n\t\n\t\t<\/div>\n\t<\/div>\n<\/div><\/div>\n\n<div class=\"fw-row\">\n\t<div id=\"column-69e05f687c831\" class=\"fw-col-sm-8 fw-col-md-8 tf-sh-ca55288defb74c9f68f6f4436474604c  fw-col-no-padding\" >\n\t<div class=\"fw-wrap-col-inner clearfix\"   >\n\t\t\t\t<div class=\"fw-col-inner\">\n\t\t\t<div class=\"fw-text-box tf-sh-5b9a313deee96081b4dee2e7cdf72c6e\" >\n\t<div class=\"fw-text-inner\">\n\t\t<h5 style=\"margin-top: 0;\">QUALIFICATION<\/h5>\n<ul>\n<li>UIAMG mountain- and ski guide<\/li>\n<li>certified ski instructor<\/li>\n<li>since 2011 Ski instructor trainer \u2013 specialist field alpinism<\/li>\n<li>Coach<\/li>\n<li>Snowboard instructor<\/li>\n<li>Canyoning guide<\/li>\n<\/ul>\n<p>&nbsp;<\/p>\n<h5>GENERAL STANDARD TERMS AND CONDITIONS<\/h5>\n<p>The following conditions apply to cooperation with me.<\/p>\n\t<\/div>\n<\/div><div class=\"text-left\">\t<a href=\"https:\/\/alpin-pro.at\/en\/agb-christian\/\" target=\"_blank\" class=\"fw-btn tf-sh-abc49b1b339d55660eec3fb27268b581  fw-btn-md  top-spacing fw-btn-1\"  style=\"\">\n\t\t<span >\n\t\t\t<i class=\"pull-left-icon fa fa-angle-right\" style=\"font-size:12px;\"><\/i>Read Terms &amp; Conditions\t\t<\/span>\n\t<\/a>\n<\/div>\t\t<\/div>\n\t<\/div>\n<\/div><div id=\"column-69e05f687cb79\" class=\"fw-col-sm-4 fw-col-md-4 tf-sh-e276b0581eb6474801dfa8e1a519edfb  fw-col-no-padding\" >\n\t<div class=\"fw-wrap-col-inner clearfix\"   >\n\t\t\t\t<div class=\"fw-col-inner\">\n\t\t\t\n\t\t\t        \t\t<div class=\"fw-block-image-parent fw-overlay-1 fw-block-image-icon\"  style=\"width: 100%; \">\n            \t\t\t<a class=\"fw-block-image-child fw-ratio-4-3 fw-ratio-container\" href=\"\/\/alpin-pro.at\/wp-content\/uploads\/2018\/09\/christian_wartusch-freeride.jpg\" data-rel=\"prettyPhoto\" rel=\"prettyPhoto\">\n\t\t\t\t<meta property=\"og:image\" content=\"https:\/\/alpin-pro.at\/wp-content\/uploads\/2018\/09\/christian_wartusch-freeride.jpg\" \/><noscript itemscope itemtype=\"https:\/\/schema.org\/ImageObject\" itemprop=\"image\"><img src=\"https:\/\/alpin-pro.at\/wp-content\/uploads\/2018\/09\/christian_wartusch-freeride.jpg\"  alt=\"christian_wartusch-freeride\" data-maxdpr=\"1.7\" class=\"lazyload\" \/><meta itemprop=\"url\" content=\"https:\/\/alpin-pro.at\/wp-content\/uploads\/2018\/09\/christian_wartusch-freeride.jpg\"><meta itemprop=\"width\" content=\"1200\"><meta itemprop=\"height\" content=\"800\"><\/noscript><img src=\"data:image\/gif;base64,R0lGODlhAQABAIAAAAAAAP\/\/\/yH5BAEAAAAALAAAAAABAAEAAAIBRAA7\" data-sizes=\"auto\" data-srcset=\"https:\/\/alpin-pro.at\/wp-content\/uploads\/2018\/09\/christian_wartusch-freeride-393x295.jpg 393w, https:\/\/alpin-pro.at\/wp-content\/uploads\/2018\/09\/christian_wartusch-freeride-786x590.jpg 786w\"   alt=\"christian_wartusch-freeride\" data-maxdpr=\"1.7\" class=\"lazyload\" \/>\t\t\t\t                                    <div class=\"fw-block-image-overlay\">\n                        <div class=\"fw-itable\">\n                            <div class=\"fw-icell\">\n                                <i class=\"fw-icon-zoom\"><\/i>\n                            <\/div>\n                        <\/div>\n                    <\/div>\n                \t\t\t<\/a>\n            \t\t<\/div>\n\n\t\n\t\t<\/div>\n\t<\/div>\n<\/div><\/div>\n\n\t<\/div>\n\t<\/section><section   class=\"fw-main-row  auto  fw-section-position-back\"    >\n\t\t\t<div class=\"fw-container\" >\n\t\t<div class=\"fw-row\">\n\t<div id=\"column-69e05f687d303\" class=\"fw-col-sm-12 tf-sh-cc803116d5b7b10b771b689d3f4b3fa9\" >\n\t<div class=\"fw-wrap-col-inner clearfix\"   >\n\t\t\t\t<div class=\"fw-col-inner\">\n\t\t\t<div class=\"fw-divider-space space-sm  clearfix\"  ><\/div>\t\t<\/div>\n\t<\/div>\n<\/div><\/div>\n\n\t<\/div>\n\t<\/section><\/p>","protected":false},"excerpt":{"rendered":"<p>CHRISTIAN WARTUSCH Schon sehr fr\u00fch habe ich in den Tiroler Bergen den Sport f\u00fcr mich entdeckt und mich ihm voll und ganz gewidmet. &#8230; Zuerst als Junge in Sachen Energieabbau, sp\u00e4ter als Sportler und Trainer. Dies erm\u00f6glichte es mir, die Welt viele Jahre zu bereisen und an einigen der sch\u00f6nsten Flecken der Erde Erfahrungen zu [&hellip;]<\/p>","protected":false},"author":1,"featured_media":0,"parent":0,"menu_order":0,"comment_status":"closed","ping_status":"closed","template":"visual-builder-template.php","meta":{"_seopress_robots_primary_cat":""},"_links":{"self":[{"href":"https:\/\/alpin-pro.at\/en\/wp-json\/wp\/v2\/pages\/6213"}],"collection":[{"href":"https:\/\/alpin-pro.at\/en\/wp-json\/wp\/v2\/pages"}],"about":[{"href":"https:\/\/alpin-pro.at\/en\/wp-json\/wp\/v2\/types\/page"}],"author":[{"embeddable":true,"href":"https:\/\/alpin-pro.at\/en\/wp-json\/wp\/v2\/users\/1"}],"replies":[{"embeddable":true,"href":"https:\/\/alpin-pro.at\/en\/wp-json\/wp\/v2\/comments?post=6213"}],"version-history":[{"count":11,"href":"https:\/\/alpin-pro.at\/en\/wp-json\/wp\/v2\/pages\/6213\/revisions"}],"predecessor-version":[{"id":7816,"href":"https:\/\/alpin-pro.at\/en\/wp-json\/wp\/v2\/pages\/6213\/revisions\/7816"}],"wp:attachment":[{"href":"https:\/\/alpin-pro.at\/en\/wp-json\/wp\/v2\/media?parent=6213"}],"curies":[{"name":"wp","href":"https:\/\/api.w.org\/{rel}","templated":true}]}}