{"id":6245,"date":"2018-02-24T14:53:10","date_gmt":"2018-02-24T13:53:10","guid":{"rendered":"http:\/\/alpin-pro.at\/?page_id=6245"},"modified":"2022-08-29T21:10:56","modified_gmt":"2022-08-29T19:10:56","slug":"leistungen","status":"publish","type":"page","link":"https:\/\/alpin-pro.at\/en\/leistungen\/","title":{"rendered":"SERVICES"},"content":{"rendered":"<p><section   class=\"fw-main-row-custom fw-main-row-top fw-section-no-padding  auto  fw-section-position-back tf-sh-9469979ed3ca3ec48ec35a50c65125f0\"    >\n\t\t\t<div class=\"fw-container-fluid\" >\n\t\t<div class=\"fw-row\">\n\t<div id=\"column-69f5731ccf36a\" class=\"fw-col-sm-12 tf-sh-86be0023f7a88f3c4a942196ac695e96  fw-col-no-padding\" >\n\t<div class=\"fw-wrap-col-inner clearfix\"   >\n\t\t\t\t<div class=\"fw-col-inner\">\n\t\t\t<link href=\"https:\/\/fonts.googleapis.com\/css?family=Montserrat:700%7CRaleway:200%2C300%2C400\" rel=\"stylesheet\" property=\"stylesheet\" type=\"text\/css\" media=\"all\">\n<div id=\"rev_slider_15_1_wrapper\" class=\"rev_slider_wrapper fullwidthbanner-container\" data-source=\"gallery\" style=\"margin:0px auto;background:transparent;padding:0px;margin-top:0px;margin-bottom:0px;\">\n<!-- START REVOLUTION SLIDER 5.4.7.1 fullwidth mode -->\n\t<div id=\"rev_slider_15_1\" class=\"rev_slider fullwidthabanner\" style=\"display:none;\" data-version=\"5.4.7.1\">\n<ul>\t<!-- SLIDE  -->\n\t<li data-index=\"rs-25\" data-transition=\"slideleft\" data-slotamount=\"default\" data-hideafterloop=\"0\" data-hideslideonmobile=\"off\"  data-easein=\"default\" data-easeout=\"default\" data-masterspeed=\"default\"  data-delay=\"8200\"  data-rotate=\"0\"  data-saveperformance=\"off\"  data-title=\"Slide\" data-param1=\"\" data-param2=\"\" data-param3=\"\" data-param4=\"\" data-param5=\"\" data-param6=\"\" data-param7=\"\" data-param8=\"\" data-param9=\"\" data-param10=\"\" data-description=\"\">\n\t\t<!-- MAIN IMAGE -->\n\t\t<img src=\"https:\/\/alpin-pro.at\/wp-content\/plugins\/revslider\/admin\/assets\/images\/dummy.png\"  alt=\"\" title=\"alpinpro-aussicht\"  width=\"1280\" height=\"626\" data-lazyload=\"https:\/\/alpin-pro.at\/wp-content\/uploads\/2018\/02\/alpinpro-aussicht.jpg\" data-bgposition=\"center center\" data-bgfit=\"cover\" data-bgrepeat=\"no-repeat\" data-bgparallax=\"off\" class=\"rev-slidebg\" data-no-retina>\n\t\t<!-- LAYERS -->\n\n\t\t<!-- LAYER NR. 1 -->\n\t\t<div class=\"tp-caption montserrat117white   tp-resizeme\" \n\t\t\t id=\"slide-25-layer-2\" \n\t\t\t data-x=\"['center','center','center','center']\" data-hoffset=\"['-369','-218','-110','-47']\" \n\t\t\t data-y=\"['top','top','top','top']\" data-voffset=\"['190','134','77','60']\" \n\t\t\t\t\t\tdata-fontsize=\"['113','90','65','50']\"\n\t\t\tdata-width=\"none\"\n\t\t\tdata-height=\"none\"\n\t\t\tdata-whitespace=\"nowrap\"\n \n\t\t\tdata-type=\"text\" \n\t\t\tdata-responsive_offset=\"on\" \n\n\t\t\tdata-frames='[{\"delay\":1000,\"speed\":400,\"frame\":\"0\",\"from\":\"y:-50px;opacity:0;\",\"to\":\"o:1;\",\"ease\":\"easeOutCubic\"},{\"delay\":\"wait\",\"speed\":300,\"frame\":\"999\",\"ease\":\"nothing\"}]'\n\t\t\tdata-textalign=\"['left','left','left','left']\"\n\t\t\tdata-paddingtop=\"[0,0,0,0]\"\n\t\t\tdata-paddingright=\"[0,0,0,0]\"\n\t\t\tdata-paddingbottom=\"[0,0,0,0]\"\n\t\t\tdata-paddingleft=\"[0,0,0,0]\"\n\n\t\t\tstyle=\"z-index: 5; white-space: nowrap; line-height: 60px; color: rgba(255,255,255,1); letter-spacing: px;letter-spacing:0px;\">SERVICES <\/div>\n\n\t\t<!-- LAYER NR. 2 -->\n\t\t<div class=\"tp-caption ralewaypink2   tp-resizeme\" \n\t\t\t id=\"slide-25-layer-4\" \n\t\t\t data-x=\"['left','left','left','left']\" data-hoffset=\"['227','107','65','29']\" \n\t\t\t data-y=\"['top','top','top','top']\" data-voffset=\"['290','217','141','111']\" \n\t\t\t\t\t\tdata-fontsize=\"['46','38','35','32']\"\n\t\t\tdata-fontweight=\"['200','200','300','200']\"\n\t\t\tdata-width=\"none\"\n\t\t\tdata-height=\"none\"\n\t\t\tdata-whitespace=\"nowrap\"\n \n\t\t\tdata-type=\"text\" \n\t\t\tdata-responsive_offset=\"on\" \n\n\t\t\tdata-frames='[{\"delay\":1450,\"speed\":400,\"frame\":\"0\",\"from\":\"y:-50px;opacity:0;\",\"to\":\"o:1;\",\"ease\":\"easeOutCubic\"},{\"delay\":\"wait\",\"speed\":300,\"frame\":\"999\",\"ease\":\"nothing\"}]'\n\t\t\tdata-textalign=\"['left','left','left','left']\"\n\t\t\tdata-paddingtop=\"[0,0,0,0]\"\n\t\t\tdata-paddingright=\"[0,0,0,0]\"\n\t\t\tdata-paddingbottom=\"[0,0,0,0]\"\n\t\t\tdata-paddingleft=\"[0,0,0,0]\"\n\n\t\t\tstyle=\"z-index: 6; white-space: nowrap; line-height: 60px; color: #b4a935; letter-spacing: px;\">& <\/div>\n\n\t\t<!-- LAYER NR. 3 -->\n\t\t<div class=\"tp-caption raleway200pink   tp-resizeme\" \n\t\t\t id=\"slide-25-layer-5\" \n\t\t\t data-x=\"['left','left','left','left']\" data-hoffset=\"['264','135','88','52']\" \n\t\t\t data-y=\"['top','top','top','top']\" data-voffset=\"['287','214','140','111']\" \n\t\t\t\t\t\tdata-fontsize=\"['60','50','38','35']\"\n\t\t\tdata-fontweight=\"['200','200','400','400']\"\n\t\t\tdata-width=\"none\"\n\t\t\tdata-height=\"none\"\n\t\t\tdata-whitespace=\"nowrap\"\n \n\t\t\tdata-type=\"text\" \n\t\t\tdata-responsive_offset=\"on\" \n\n\t\t\tdata-frames='[{\"delay\":1450,\"speed\":400,\"frame\":\"0\",\"from\":\"y:-50px;opacity:0;\",\"to\":\"o:1;\",\"ease\":\"easeOutCubic\"},{\"delay\":\"wait\",\"speed\":300,\"frame\":\"999\",\"ease\":\"nothing\"}]'\n\t\t\tdata-textalign=\"['left','left','left','left']\"\n\t\t\tdata-paddingtop=\"[0,0,0,0]\"\n\t\t\tdata-paddingright=\"[0,0,0,0]\"\n\t\t\tdata-paddingbottom=\"[0,0,0,0]\"\n\t\t\tdata-paddingleft=\"[0,0,0,0]\"\n\n\t\t\tstyle=\"z-index: 7; white-space: nowrap; line-height: 60px; color: #b4a935; letter-spacing: px;letter-spacing:-2px;\">OFFERS <\/div>\n\t<\/li>\n<\/ul>\n<div class=\"tp-bannertimer\" style=\"height: 5px; background: rgba(0,0,0,0.15);\"><\/div>\t<\/div>\n<script>var htmlDiv = document.getElementById(\"rs-plugin-settings-inline-css\"); var htmlDivCss=\".tp-caption.montserrat117white,.montserrat117white{color:#ffffff;font-size:113px;font-weight:700;font-family:Montserrat;text-decoration:none;background-color:transparent;border-width:0px;border-color:rgb(0,0,0);border-style:none;text-shadow:none;letter-spacing:-5px}.tp-caption.raleway200pink,.raleway200pink{font-size:60px;font-weight:200;font-family:Raleway;color:#d12a5c;text-decoration:none;background-color:transparent;border-width:0px;border-color:rgb(0,0,0);border-style:none;text-shadow:none;letter-spacing:-4px}.tp-caption.ralewaypink2,.ralewaypink2{font-size:46px;font-weight:200;font-family:Raleway;color:rgb(209,42,92);text-decoration:none;background-color:transparent;border-width:0px;border-color:rgb(0,0,0);border-style:none;text-shadow:none;letter-spacing:-4px}\";\r\n\t\t\t\tif(htmlDiv) {\r\n\t\t\t\t\thtmlDiv.innerHTML = htmlDiv.innerHTML + htmlDivCss;\r\n\t\t\t\t}else{\r\n\t\t\t\t\tvar htmlDiv = document.createElement(\"div\");\r\n\t\t\t\t\thtmlDiv.innerHTML = \"<style>\" + htmlDivCss + \"<\/style>\";\r\n\t\t\t\t\tdocument.getElementsByTagName(\"head\")[0].appendChild(htmlDiv.childNodes[0]);\r\n\t\t\t\t}\r\n\t\t\t<\/script>\n\t\t<script type=\"text\/javascript\">\r\nif (setREVStartSize!==undefined) setREVStartSize(\r\n\t{c: '#rev_slider_15_1', responsiveLevels: [1240,1024,778,480], gridwidth: [1920,1240,778,480], gridheight: [520,450,350,250], sliderLayout: 'fullwidth'});\r\n\t\t\t\r\nvar revapi15,\r\n\ttpj;\t\r\n(function() {\t\t\t\r\n\tif (!\/loaded|interactive|complete\/.test(document.readyState)) document.addEventListener(\"DOMContentLoaded\",onLoad)\r\n\t\telse\r\n\tonLoad();\r\n\t\r\n\tfunction onLoad() {\t\t\t\t\r\n\t\tif (tpj===undefined) {\r\n\t\t\ttpj = jQuery;\r\n\r\n\t\t\tif(\"off\" == \"on\") tpj.noConflict();\t\t\r\n\t\t}\r\n\tif(tpj(\"#rev_slider_15_1\").revolution == undefined){\n\t\trevslider_showDoubleJqueryError(\"#rev_slider_15_1\");\n\t}else{\n\t\trevapi15 = tpj(\"#rev_slider_15_1\").show().revolution({\n\t\t\tsliderType:\"standard\",\n\t\t\tjsFileLocation:\"\/\/alpin-pro.at\/wp-content\/plugins\/revslider\/public\/assets\/js\/\",\n\t\t\tsliderLayout:\"fullwidth\",\n\t\t\tdottedOverlay:\"none\",\n\t\t\tdelay:9000,\n\t\t\tnavigation: {\n\t\t\t\tkeyboardNavigation:\"off\",\n\t\t\t\tkeyboard_direction: \"horizontal\",\n\t\t\t\tmouseScrollNavigation:\"off\",\n \t\t\t\t\t\t\tmouseScrollReverse:\"default\",\n\t\t\t\tonHoverStop:\"off\",\n\t\t\t\ttouch:{\n\t\t\t\t\ttouchenabled:\"on\",\n\t\t\t\t\ttouchOnDesktop:\"off\",\n\t\t\t\t\tswipe_threshold: 75,\n\t\t\t\t\tswipe_min_touches: 50,\n\t\t\t\t\tswipe_direction: \"horizontal\",\n\t\t\t\t\tdrag_block_vertical: false\n\t\t\t\t}\n\t\t\t},\n\t\t\tresponsiveLevels:[1240,1024,778,480],\n\t\t\tvisibilityLevels:[1240,1024,778,480],\n\t\t\tgridwidth:[1920,1240,778,480],\n\t\t\tgridheight:[520,450,350,250],\n\t\t\tlazyType:\"smart\",\n\t\t\tparallax: {\n\t\t\t\ttype:\"mouse\",\n\t\t\t\torigo:\"slidercenter\",\n\t\t\t\tspeed:2000,\n\t\t\t\tspeedbg:0,\n\t\t\t\tspeedls:0,\n\t\t\t\tlevels:[2,3,4,5,6,7,12,16,10,50,47,48,49,50,51,55],\n\t\t\t},\n\t\t\tshadow:0,\n\t\t\tspinner:\"off\",\n\t\t\tstopLoop:\"on\",\n\t\t\tstopAfterLoops:0,\n\t\t\tstopAtSlide:1,\n\t\t\tshuffle:\"off\",\n\t\t\tautoHeight:\"off\",\n\t\t\thideThumbsOnMobile:\"off\",\n\t\t\thideSliderAtLimit:0,\n\t\t\thideCaptionAtLimit:0,\n\t\t\thideAllCaptionAtLilmit:0,\n\t\t\tdebugMode:false,\n\t\t\tfallbacks: {\n\t\t\t\tsimplifyAll:\"off\",\n\t\t\t\tnextSlideOnWindowFocus:\"off\",\n\t\t\t\tdisableFocusListener:false,\n\t\t\t}\n\t\t});\n\t}; \/* END OF revapi call *\/\n\t\n }; \/* END OF ON LOAD FUNCTION *\/\r\n}()); \/* END OF WRAPPING FUNCTION *\/\r\n<\/script>\r\n\t\t<\/div><!-- END REVOLUTION SLIDER -->\t\t<\/div>\n\t<\/div>\n<\/div><\/div>\n\n\t<\/div>\n\t<\/section><section  id=\"leistungen\" class=\"fw-main-row-custom  auto  fw-section-position-back tf-sh-9f3df75c330229dfe08e5f32cd5e5430 leistung\"    >\n\t\t\t<div class=\"fw-container-fluid\" >\n\t\t<div class=\"fw-row\">\n\t<div id=\"column-69f5731cd1f7e\" class=\"fw-col-sm-6 fw-col-md-4 tf-sh-e4204efb5229c7864d96b138291f3c23  fw-animated-element fw-col-no-padding\" data-animation-type=\"fadeInUp\" data-animation-delay=\"200\">\n\t<div class=\"fw-wrap-col-inner clearfix\"   >\n\t\t\t\t<div class=\"fw-col-inner\">\n\t\t\t\n\t\n\t\t<div class=\"fw-block-image-parent\"  style=\"width: 100%; \">\n\t\t\t<span class=\"fw-block-image-child fw-ratio-4-3 fw-ratio-container\">\n\t\t\t\t<meta property=\"og:image\" content=\"https:\/\/alpin-pro.at\/wp-content\/uploads\/2018\/03\/leistung-skitechnik.jpg\" \/><noscript itemscope itemtype=\"https:\/\/schema.org\/ImageObject\" itemprop=\"image\"><img src=\"https:\/\/alpin-pro.at\/wp-content\/uploads\/2018\/03\/leistung-skitechnik.jpg\"  alt=\"leistung-skitechnik\" data-maxdpr=\"1.7\" class=\"lazyload\" \/><meta itemprop=\"url\" content=\"https:\/\/alpin-pro.at\/wp-content\/uploads\/2018\/03\/leistung-skitechnik.jpg\"><meta itemprop=\"width\" content=\"1200\"><meta itemprop=\"height\" content=\"800\"><\/noscript><img src=\"data:image\/gif;base64,R0lGODlhAQABAIAAAAAAAP\/\/\/yH5BAEAAAAALAAAAAABAAEAAAIBRAA7\" data-sizes=\"auto\" data-srcset=\"https:\/\/alpin-pro.at\/wp-content\/uploads\/2018\/03\/leistung-skitechnik-393x295.jpg 393w, https:\/\/alpin-pro.at\/wp-content\/uploads\/2018\/03\/leistung-skitechnik-786x590.jpg 786w\"   alt=\"leistung-skitechnik\" data-maxdpr=\"1.7\" class=\"lazyload\" \/>\t\t\t\t\t\t\t<\/span>\n\t\t<\/div>\n\n\t\n<div class=\"fw-heading fw-heading-left  tf-sh-107dafa36149721f9d93d771d88d9942\" >\n\t\t\t<h3 class=\"fw-special-title\">SKIING TECHNIQUE<\/h3>\n\t\n\t\n\t<\/div><div class=\"fw-text-box tf-sh-975ce9f56b35eaf98741980e4685d286\" >\n\t<div class=\"fw-text-inner\">\n\t\t<p>Whether you are a beginner or an expert, whether you want to ski on- or off-piste \u2013 our aim is to work out your individual sports goals and to put them to practice \u2013 together.<\/p>\n\t<\/div>\n<\/div>\t\t<\/div>\n\t<\/div>\n<\/div><div id=\"column-69f5731cd2680\" class=\"fw-col-sm-6 fw-col-md-4 tf-sh-9945906d9e63660b80e723f1bfa4a836  fw-animated-element fw-col-no-padding\" data-animation-type=\"fadeInUp\" data-animation-delay=\"200\">\n\t<div class=\"fw-wrap-col-inner clearfix\"   >\n\t\t\t\t<div class=\"fw-col-inner\">\n\t\t\t\n\t\n\t\t<div class=\"fw-block-image-parent\"  style=\"width: 100%; \">\n\t\t\t<span class=\"fw-block-image-child fw-ratio-4-3 fw-ratio-container\">\n\t\t\t\t<meta property=\"og:image\" content=\"https:\/\/alpin-pro.at\/wp-content\/uploads\/2018\/03\/leistung-freeride.jpg\" \/><noscript itemscope itemtype=\"https:\/\/schema.org\/ImageObject\" itemprop=\"image\"><img src=\"https:\/\/alpin-pro.at\/wp-content\/uploads\/2018\/03\/leistung-freeride.jpg\"  alt=\"leistung-freeride\" data-maxdpr=\"1.7\" class=\"lazyload\" \/><meta itemprop=\"url\" content=\"https:\/\/alpin-pro.at\/wp-content\/uploads\/2018\/03\/leistung-freeride.jpg\"><meta itemprop=\"width\" content=\"1200\"><meta itemprop=\"height\" content=\"800\"><\/noscript><img src=\"data:image\/gif;base64,R0lGODlhAQABAIAAAAAAAP\/\/\/yH5BAEAAAAALAAAAAABAAEAAAIBRAA7\" data-sizes=\"auto\" data-srcset=\"https:\/\/alpin-pro.at\/wp-content\/uploads\/2018\/03\/leistung-freeride-393x295.jpg 393w, https:\/\/alpin-pro.at\/wp-content\/uploads\/2018\/03\/leistung-freeride-786x590.jpg 786w\"   alt=\"leistung-freeride\" data-maxdpr=\"1.7\" class=\"lazyload\" \/>\t\t\t\t\t\t\t<\/span>\n\t\t<\/div>\n\n\t\n<div class=\"fw-heading fw-heading-left  tf-sh-f1b211817e059a5972737161aad35f94\" >\n\t\t\t<h3 class=\"fw-special-title\">FREERIDE<\/h3>\n\t\n\t\n\t<\/div><div class=\"fw-text-box tf-sh-c40285709919bc6190a3c3a93082e71b\" >\n\t<div class=\"fw-text-inner\">\n\t\t<p>Minimal climbing, maximum skiing! Alpin-Pro will show  you what is possible in one of the best freeride-areas.<\/p>\n\t<\/div>\n<\/div>\t\t<\/div>\n\t<\/div>\n<\/div><div id=\"column-69f5731cd2c35\" class=\"fw-col-sm-6 fw-col-md-4 tf-sh-c11192405cb1d99996fcbf39414a42cf  fw-animated-element fw-col-no-padding\" data-animation-type=\"fadeInUp\" data-animation-delay=\"200\">\n\t<div class=\"fw-wrap-col-inner clearfix\"   >\n\t\t\t\t<div class=\"fw-col-inner\">\n\t\t\t\n\t\n\t\t<div class=\"fw-block-image-parent\"  style=\"width: 100%; \">\n\t\t\t<span class=\"fw-block-image-child fw-ratio-4-3 fw-ratio-container\">\n\t\t\t\t<meta property=\"og:image\" content=\"https:\/\/alpin-pro.at\/wp-content\/uploads\/2018\/03\/leistung-skitour.jpg\" \/><noscript itemscope itemtype=\"https:\/\/schema.org\/ImageObject\" itemprop=\"image\"><img src=\"https:\/\/alpin-pro.at\/wp-content\/uploads\/2018\/03\/leistung-skitour.jpg\"  alt=\"leistung-skitour\" data-maxdpr=\"1.7\" class=\"lazyload\" \/><meta itemprop=\"url\" content=\"https:\/\/alpin-pro.at\/wp-content\/uploads\/2018\/03\/leistung-skitour.jpg\"><meta itemprop=\"width\" content=\"1200\"><meta itemprop=\"height\" content=\"800\"><\/noscript><img src=\"data:image\/gif;base64,R0lGODlhAQABAIAAAAAAAP\/\/\/yH5BAEAAAAALAAAAAABAAEAAAIBRAA7\" data-sizes=\"auto\" data-srcset=\"https:\/\/alpin-pro.at\/wp-content\/uploads\/2018\/03\/leistung-skitour-393x295.jpg 393w, https:\/\/alpin-pro.at\/wp-content\/uploads\/2018\/03\/leistung-skitour-786x590.jpg 786w\"   alt=\"leistung-skitour\" data-maxdpr=\"1.7\" class=\"lazyload\" \/>\t\t\t\t\t\t\t<\/span>\n\t\t<\/div>\n\n\t\n<div class=\"fw-heading fw-heading-left  tf-sh-5dab6c831469cabce4f1eeb533dd77ed\" >\n\t\t\t<h3 class=\"fw-special-title\">SKITOURS<\/h3>\n\t\n\t\n\t<\/div><div class=\"fw-text-box tf-sh-9271fda96743c0134a49e3bf9ff5fc6d\" >\n\t<div class=\"fw-text-inner\">\n\t\t<p>Probably the most natural way to experience the fascination of the mountains! Your Alpin-Pro guide will take you to well-chosen skitour-highlights naturally  adapted to your skills.<\/p>\n\t<\/div>\n<\/div>\t\t<\/div>\n\t<\/div>\n<\/div><\/div>\n\n<div class=\"fw-row\">\n\t<div id=\"column-69f5731cd32c6\" class=\"fw-col-sm-6 fw-col-md-4 tf-sh-e661df7c2e6d3dd19529a7a203398f90  fw-animated-element fw-col-no-padding\" data-animation-type=\"fadeInUp\" data-animation-delay=\"200\">\n\t<div class=\"fw-wrap-col-inner clearfix\"   >\n\t\t\t\t<div class=\"fw-col-inner\">\n\t\t\t\n\t\n\t\t<div class=\"fw-block-image-parent\"  style=\"width: 100%; \">\n\t\t\t<span class=\"fw-block-image-child fw-ratio-4-3 fw-ratio-container\">\n\t\t\t\t<meta property=\"og:image\" content=\"https:\/\/alpin-pro.at\/wp-content\/uploads\/2018\/03\/leistung-heliskiing.jpg\" \/><noscript itemscope itemtype=\"https:\/\/schema.org\/ImageObject\" itemprop=\"image\"><img src=\"https:\/\/alpin-pro.at\/wp-content\/uploads\/2018\/03\/leistung-heliskiing.jpg\"  alt=\"leistung-heliskiing\" data-maxdpr=\"1.7\" class=\"lazyload\" \/><meta itemprop=\"url\" content=\"https:\/\/alpin-pro.at\/wp-content\/uploads\/2018\/03\/leistung-heliskiing.jpg\"><meta itemprop=\"width\" content=\"1200\"><meta itemprop=\"height\" content=\"800\"><\/noscript><img src=\"data:image\/gif;base64,R0lGODlhAQABAIAAAAAAAP\/\/\/yH5BAEAAAAALAAAAAABAAEAAAIBRAA7\" data-sizes=\"auto\" data-srcset=\"https:\/\/alpin-pro.at\/wp-content\/uploads\/2018\/03\/leistung-heliskiing-393x295.jpg 393w, https:\/\/alpin-pro.at\/wp-content\/uploads\/2018\/03\/leistung-heliskiing-786x590.jpg 786w\"   alt=\"leistung-heliskiing\" data-maxdpr=\"1.7\" class=\"lazyload\" \/>\t\t\t\t\t\t\t<\/span>\n\t\t<\/div>\n\n\t\n<div class=\"fw-heading fw-heading-left  tf-sh-7bc1708f9ed23df90286ca2dacf53a05\" >\n\t\t\t<h3 class=\"fw-special-title\">HELI-SKIING<\/h3>\n\t\n\t\n\t<\/div><div class=\"fw-text-box tf-sh-22bd1561885a51536b4a1b9d30b75c22\" >\n\t<div class=\"fw-text-inner\">\n\t\t<p>You can get closer to the dream of flying! Seize your chance with heli-skiing am Arlberg.<\/p>\n\t<\/div>\n<\/div>\t\t<\/div>\n\t<\/div>\n<\/div><div id=\"column-69f5731cd38b7\" class=\"fw-col-sm-6 fw-col-md-4 tf-sh-ab661ae85c7f2efd8b6f17e992fb9886  fw-animated-element fw-col-no-padding\" data-animation-type=\"fadeInUp\" data-animation-delay=\"200\">\n\t<div class=\"fw-wrap-col-inner clearfix\"   >\n\t\t\t\t<div class=\"fw-col-inner\">\n\t\t\t\n\t\n\t\t<div class=\"fw-block-image-parent\"  style=\"width: 100%; \">\n\t\t\t<span class=\"fw-block-image-child fw-ratio-4-3 fw-ratio-container\">\n\t\t\t\t<meta property=\"og:image\" content=\"https:\/\/alpin-pro.at\/wp-content\/uploads\/2018\/02\/alpinpro-panorama.jpg\" \/><noscript itemscope itemtype=\"https:\/\/schema.org\/ImageObject\" itemprop=\"image\"><img src=\"https:\/\/alpin-pro.at\/wp-content\/uploads\/2018\/02\/alpinpro-panorama.jpg\"  alt=\"alpinpro-panorama\" data-maxdpr=\"1.7\" class=\"lazyload\" \/><meta itemprop=\"url\" content=\"https:\/\/alpin-pro.at\/wp-content\/uploads\/2018\/02\/alpinpro-panorama.jpg\"><meta itemprop=\"width\" content=\"1200\"><meta itemprop=\"height\" content=\"893\"><\/noscript><img src=\"data:image\/gif;base64,R0lGODlhAQABAIAAAAAAAP\/\/\/yH5BAEAAAAALAAAAAABAAEAAAIBRAA7\" data-sizes=\"auto\" data-srcset=\"https:\/\/alpin-pro.at\/wp-content\/uploads\/2018\/02\/alpinpro-panorama-300x223.jpg 300w, https:\/\/alpin-pro.at\/wp-content\/uploads\/2018\/02\/alpinpro-panorama-768x572.jpg 768w, https:\/\/alpin-pro.at\/wp-content\/uploads\/2018\/02\/alpinpro-panorama-1024x762.jpg 1024w, https:\/\/alpin-pro.at\/wp-content\/uploads\/2018\/02\/alpinpro-panorama-393x295.jpg 393w, https:\/\/alpin-pro.at\/wp-content\/uploads\/2018\/02\/alpinpro-panorama-786x590.jpg 786w, https:\/\/alpin-pro.at\/wp-content\/uploads\/2018\/02\/alpinpro-panorama-600x447.jpg 600w, https:\/\/alpin-pro.at\/wp-content\/uploads\/2018\/02\/alpinpro-panorama-600x447.jpg 600w, https:\/\/alpin-pro.at\/wp-content\/uploads\/2018\/02\/alpinpro-panorama.jpg 1200w\"   alt=\"alpinpro-panorama\" data-maxdpr=\"1.7\" class=\"lazyload\" \/>\t\t\t\t\t\t\t<\/span>\n\t\t<\/div>\n\n\t\n<div class=\"fw-heading fw-heading-left  tf-sh-2aac32f34c08c44fadc646b66e48d104\" >\n\t\t\t<h3 class=\"fw-special-title\">DISCOVER NEW THINGS<\/h3>\n\t\n\t\n\t<\/div><div class=\"fw-text-box tf-sh-d932f15db58eef3be99aef2747a96b5f\" >\n\t<div class=\"fw-text-inner\">\n\t\t<p>We are always concerned to find new sporting impressions. Give it a try with ski racing, climbing, alpine ski touring, snow shoe hiking or with the snowevent individually planned for you.<\/p>\n\t<\/div>\n<\/div>\t\t<\/div>\n\t<\/div>\n<\/div><div id=\"column-69f5731cd3ed8\" class=\"fw-col-sm-6 fw-col-md-4 tf-sh-2840db8f5791751222811625e520d743  fw-animated-element fw-col-no-padding\" data-animation-type=\"fadeInUp\" data-animation-delay=\"200\">\n\t<div class=\"fw-wrap-col-inner clearfix\"   >\n\t\t\t\t<div class=\"fw-col-inner\">\n\t\t\t\n\t\n\t\t<div class=\"fw-block-image-parent\"  style=\"width: 100%; \">\n\t\t\t<span class=\"fw-block-image-child fw-ratio-4-3 fw-ratio-container\">\n\t\t\t\t<meta property=\"og:image\" content=\"https:\/\/alpin-pro.at\/wp-content\/uploads\/2018\/04\/leistung-sommer.jpg\" \/><noscript itemscope itemtype=\"https:\/\/schema.org\/ImageObject\" itemprop=\"image\"><img src=\"https:\/\/alpin-pro.at\/wp-content\/uploads\/2018\/04\/leistung-sommer.jpg\"  alt=\"leistung-sommer\" data-maxdpr=\"1.7\" class=\"lazyload\" \/><meta itemprop=\"url\" content=\"https:\/\/alpin-pro.at\/wp-content\/uploads\/2018\/04\/leistung-sommer.jpg\"><meta itemprop=\"width\" content=\"1200\"><meta itemprop=\"height\" content=\"800\"><\/noscript><img src=\"data:image\/gif;base64,R0lGODlhAQABAIAAAAAAAP\/\/\/yH5BAEAAAAALAAAAAABAAEAAAIBRAA7\" data-sizes=\"auto\" data-srcset=\"https:\/\/alpin-pro.at\/wp-content\/uploads\/2018\/04\/leistung-sommer-393x295.jpg 393w, https:\/\/alpin-pro.at\/wp-content\/uploads\/2018\/04\/leistung-sommer-786x590.jpg 786w\"   alt=\"leistung-sommer\" data-maxdpr=\"1.7\" class=\"lazyload\" \/>\t\t\t\t\t\t\t<\/span>\n\t\t<\/div>\n\n\t\n<div class=\"fw-heading fw-heading-left  tf-sh-eaf5352b6a190f7cea5de4201b051795\" >\n\t\t\t<h3 class=\"fw-special-title\">SUMMER ACTIVITIES<\/h3>\n\t\n\t\n\t<\/div><div class=\"fw-text-box tf-sh-c512bc0f9581de7bd09ec89568cb9be4\" >\n\t<div class=\"fw-text-inner\">\n\t\t<p>Experience the mountains in the warmer time of the year! You can do that with  great day- or week programmes, like climbing, canyoning, alpine ski tours, alpine crossings, hikes or with a summer event especially planned for you! Please contact us! We will show you the range of possibilities and we will create the ideal summer event for you!<\/p>\n\t<\/div>\n<\/div>\t\t<\/div>\n\t<\/div>\n<\/div><\/div>\n\n\t<\/div>\n\t<\/section><\/p>","protected":false},"excerpt":{"rendered":"<p>LEISTUNGEN &#038; ANGEBOTE SKITECHNIK Vom Anf\u00e4nger, bis hin zum Profi, ob auf der Piste oder im Gel\u00e4nde! FREERIDE Minimaler Aufstieg, maximales Abfahrtsvergn\u00fcgen! SKITOUREN Die wohl nat\u00fcrlichste Form, die Faszination der Bergwelten zu erleben! HELISKIING Dem Traum vom Fliegen etwas n\u00e4her kommen! Nutzen Sie Ihre Chance, beim Heliskiing am Arlberg. NEUES ERLEBEN Probieren Sie es aus, [&hellip;]<\/p>","protected":false},"author":1,"featured_media":0,"parent":0,"menu_order":0,"comment_status":"closed","ping_status":"closed","template":"visual-builder-template.php","meta":{"_seopress_robots_primary_cat":""},"_links":{"self":[{"href":"https:\/\/alpin-pro.at\/en\/wp-json\/wp\/v2\/pages\/6245"}],"collection":[{"href":"https:\/\/alpin-pro.at\/en\/wp-json\/wp\/v2\/pages"}],"about":[{"href":"https:\/\/alpin-pro.at\/en\/wp-json\/wp\/v2\/types\/page"}],"author":[{"embeddable":true,"href":"https:\/\/alpin-pro.at\/en\/wp-json\/wp\/v2\/users\/1"}],"replies":[{"embeddable":true,"href":"https:\/\/alpin-pro.at\/en\/wp-json\/wp\/v2\/comments?post=6245"}],"version-history":[{"count":11,"href":"https:\/\/alpin-pro.at\/en\/wp-json\/wp\/v2\/pages\/6245\/revisions"}],"predecessor-version":[{"id":7773,"href":"https:\/\/alpin-pro.at\/en\/wp-json\/wp\/v2\/pages\/6245\/revisions\/7773"}],"wp:attachment":[{"href":"https:\/\/alpin-pro.at\/en\/wp-json\/wp\/v2\/media?parent=6245"}],"curies":[{"name":"wp","href":"https:\/\/api.w.org\/{rel}","templated":true}]}}