{"id":6284,"date":"2018-02-25T19:08:12","date_gmt":"2018-02-25T18:08:12","guid":{"rendered":"http:\/\/alpin-pro.at\/?page_id=6284"},"modified":"2018-08-25T16:11:29","modified_gmt":"2018-08-25T14:11:29","slug":"datenschutz","status":"publish","type":"page","link":"https:\/\/alpin-pro.at\/en\/datenschutz\/","title":{"rendered":"Privacy statement"},"content":{"rendered":"<p><section   class=\"fw-main-row-custom fw-main-row-top  fw_theme_bg_fw-custom fw-section-image fw-section-height-md  fw-section-position-back tf-sh-41492a06dcd05c4dee189a28d23bd5ea\"  style=\" background-image:url(https:\/\/alpin-pro.at\/wp-content\/uploads\/2018\/02\/alpinpro-aussicht.jpg); background-repeat: no-repeat; background-position: center center; background-size: cover;\"  >\n\t\t\t<div class=\"fw-container-fluid\" >\n\t\t\t<\/div>\n\t<\/section><section   class=\"fw-main-row-custom  fw_theme_bg_color_5 auto  fw-section-position-back tf-sh-141366966cb85bad1d406bee174aa05d\"    >\n\t\t\t<div class=\"fw-container\" >\n\t\t<div class=\"fw-row\">\n\t<div id=\"column-69e7ccb316b33\" class=\"fw-col-sm-12 tf-sh-84c835541b9abc6afdce441ea30cdc8c\" >\n\t<div class=\"fw-wrap-col-inner clearfix\"   >\n\t\t\t\t<div class=\"fw-col-inner\">\n\t\t\t<div class=\"fw-heading fw-heading-left  tf-sh-ab1c6ba18d522ac0ec2089409c62cea6\" >\n\t\t\t<h1 class=\"fw-special-title\">Privacy statement<\/h1>\n\t\n\t\n\t<\/div>\t\t<\/div>\n\t<\/div>\n<\/div><\/div>\n\n<div class=\"fw-row\">\n\t<div id=\"column-69e7ccb316e23\" class=\"fw-col-sm-6 tf-sh-b48884890b5927fd64d931cf3335640a\" >\n\t<div class=\"fw-wrap-col-inner clearfix\"   >\n\t\t\t\t<div class=\"fw-col-inner\">\n\t\t\t<div class=\"fw-text-box tf-sh-c737b46c4d3051637b74d8e528307bdb\" >\n\t<div class=\"fw-text-inner\">\n\t\t<p>Der Anbieter nimmt den Schutz Ihrer pers\u00f6nlichen Daten sehr ernst und h\u00e4lt sich strikt an die Regeln der Datenschutzgesetze. Personenbezogene Daten werden auf dieser Webseite nur im technisch notwendigen Umfang erhoben. In keinem Fall werden die erhobenen Daten verkauft oder aus anderen Gr\u00fcnden an Dritte weitergegeben.<\/p>\n<p>Die nachfolgende Erkl\u00e4rung gibt Ihnen einen \u00dcberblick dar\u00fcber, wie wir diesen Schutz gew\u00e4hrleisten und welche Art von Daten zu welchem Zweck erhoben werden. Der Besucher wird im nachfolgenden Bereich als Nutzer (NU) und der Webseitenbetreiber als Anbieter (AN) gekennzeichnet.<\/p>\n<p><strong>Datenverarbeitung auf dieser Internetseite<br \/><\/strong>In den unvermeidlichen Serverstatistiken (Server-Logfiles) werden automatisch solche Daten gespeichert, die der Nutzerbrowser an den Anbieter \u00fcbermittelt.<\/p>\n<p>Diese Daten sind f\u00fcr den Anbieter und in der Regel nicht bestimmte Personen zuordenbar. Eine Zusammenf\u00fchrung dieser Daten mit anderen Datenquellen wird nicht vorgenommen, die Daten werden zudem nach einer statistischen Auswertung gel\u00f6scht.<\/p>\n<p><strong>Cookies<br \/><\/strong>Die Internetseiten verwenden evtl. an mehreren Stellen so genannte Cookies. Sie dienen dazu, unser Angebot nutzerfreundlicher, effektiver und sicherer zu machen. Cookies sind kleine Textdateien, die auf Ihrem Rechner abgelegt werden und die Ihr Browser speichert. Die meisten der von uns verwendeten Cookies sind so genannte \u201eSession-Cookies\u201c. Sie werden nach Ende Ihres Besuchs automatisch gel\u00f6scht. Cookies richten auf Ihrem Rechner keinen Schaden an und enthalten keine Viren. Um keine Cookies von der Webseite auf dem Rechner abzulegen, muss der Internetbrowser so eingestellt werden, dass er Cookies von der Computerfestplatte l\u00f6scht, alle Cookies blockiert oder davor warnt, bevor ein Cookie gespeichert wird.<\/p>\n\t<\/div>\n<\/div>\t\t<\/div>\n\t<\/div>\n<\/div><div id=\"column-69e7ccb31705e\" class=\"fw-col-sm-6 tf-sh-bf08be405439e4ec2e77b20bee5be5f8\" >\n\t<div class=\"fw-wrap-col-inner clearfix\"   >\n\t\t\t\t<div class=\"fw-col-inner\">\n\t\t\t<div class=\"fw-text-box tf-sh-d09eb27a27378709e05f7740ef5444e7\" >\n\t<div class=\"fw-text-inner\">\n\t\t<p><strong>E-Mail<br \/><\/strong>Der AN ist um alle notwendigen technischen und organisatorischen Sicherheitsma\u00dfnahmen bem\u00fcht, um die personenbezogenen Daten des NU so zu speichern, dass sie weder Dritten noch der \u00d6ffentlichkeit zug\u00e4nglich sind. Sollten der NU mit dem AN per Email in Kontakt treten wollen (Gilt auch bei Kontaktformularen), so wei\u00dft der AN darauf hin, dass bei diesem Kommunikationsweg die Vertraulichkeit der \u00fcbermittelten Informationen nicht vollst\u00e4ndig gew\u00e4hrleistet werden kann. Der AN empfiehlt dem NU daher, vertrauliche Informationen ausschlie\u00dflich \u00fcber den Postweg zukommen zu lassen.<\/p>\n<p><strong>Auskunftsrecht<br \/><\/strong>Der NU hat jederzeit das Recht auf Auskunft \u00fcber die bez\u00fcglich seiner Person gespeicherten Daten, deren Herkunft und Empf\u00e4nger sowie den Zweck der Speicherung. Auskunft \u00fcber die gespeicherten Daten gibt dem NU der AN unter der im Impressum eingestellten E-Mailadresse.<\/p>\n\t<\/div>\n<\/div>\t\t<\/div>\n\t<\/div>\n<\/div><\/div>\n\n\t<\/div>\n\t<\/section><\/p>","protected":false},"excerpt":{"rendered":"<p>Datenschutz Der Anbieter nimmt den Schutz Ihrer pers\u00f6nlichen Daten sehr ernst und h\u00e4lt sich strikt an die Regeln der Datenschutzgesetze. Personenbezogene Daten werden auf dieser Webseite nur im technisch notwendigen Umfang erhoben. In keinem Fall werden die erhobenen Daten verkauft oder aus anderen Gr\u00fcnden an Dritte weitergegeben. Die nachfolgende Erkl\u00e4rung gibt Ihnen einen \u00dcberblick dar\u00fcber, [&hellip;]<\/p>","protected":false},"author":1,"featured_media":0,"parent":0,"menu_order":0,"comment_status":"closed","ping_status":"closed","template":"visual-builder-template.php","meta":{"_seopress_robots_primary_cat":""},"_links":{"self":[{"href":"https:\/\/alpin-pro.at\/en\/wp-json\/wp\/v2\/pages\/6284"}],"collection":[{"href":"https:\/\/alpin-pro.at\/en\/wp-json\/wp\/v2\/pages"}],"about":[{"href":"https:\/\/alpin-pro.at\/en\/wp-json\/wp\/v2\/types\/page"}],"author":[{"embeddable":true,"href":"https:\/\/alpin-pro.at\/en\/wp-json\/wp\/v2\/users\/1"}],"replies":[{"embeddable":true,"href":"https:\/\/alpin-pro.at\/en\/wp-json\/wp\/v2\/comments?post=6284"}],"version-history":[{"count":4,"href":"https:\/\/alpin-pro.at\/en\/wp-json\/wp\/v2\/pages\/6284\/revisions"}],"predecessor-version":[{"id":7323,"href":"https:\/\/alpin-pro.at\/en\/wp-json\/wp\/v2\/pages\/6284\/revisions\/7323"}],"wp:attachment":[{"href":"https:\/\/alpin-pro.at\/en\/wp-json\/wp\/v2\/media?parent=6284"}],"curies":[{"name":"wp","href":"https:\/\/api.w.org\/{rel}","templated":true}]}}