{"id":7226,"date":"2018-06-28T13:11:29","date_gmt":"2018-06-28T11:11:29","guid":{"rendered":"https:\/\/alpin-pro.at\/?page_id=7226"},"modified":"2020-11-26T14:47:04","modified_gmt":"2020-11-26T13:47:04","slug":"alexander","status":"publish","type":"page","link":"https:\/\/alpin-pro.at\/en\/alexander\/","title":{"rendered":"Alexander"},"content":{"rendered":"<p><section   class=\"fw-main-row-custom fw-main-row-top fw-section-no-padding  auto  fw-section-position-back tf-sh-b6d3d97a7ffc3a3fb5c39ceb4b1c84fe\"    >\n\t\t\t<div class=\"fw-container\" style=\"background-color:#ffffff;\">\n\t\t<div class=\"fw-row\">\n\t<div id=\"column-69e04e13c24ff\" class=\"fw-col-sm-6 fw-col-md-8 tf-sh-34235ea5b2a6ffbca34649a27f007c72  fw-col-no-padding\" >\n\t<div class=\"fw-wrap-col-inner clearfix\"   >\n\t\t\t\t<div class=\"fw-col-inner\">\n\t\t\t<div class=\"fw-heading fw-heading-left  fw-heading-with-subtitle fw-animated-element tf-sh-849ae527bba5c9946eddeec09fee16c5\"  data-animation-type=\"fadeInUp\" data-animation-delay=\"200\">\n\t\t\t<h2 class=\"fw-special-title\">ALEXANDER BLUEMEL<\/h2>\n\t\n\t\n\t\t\t<div class=\"fw-special-subtitle\">At quite an early age I was driven by pure curiosity to discover the unknown in the mountains. <\/div>\n\t<\/div>\t<div  class=\"fw-divider tf-sh-10a594df5d66982bcf65945f1f74429f  fw-animated-element fw-divider-align-left fw-line-solid fw-divider-line\"  data-animation-type=\"fadeInLeft\" data-animation-delay=\"200\" style=\"width:86px; padding-top:20px; margin-bottom:20px; border-color:#d3d3d3;\" ><\/div>\n<div class=\"fw-text-box tf-sh-368bf4246d55f20c170d208b05539a57\" >\n\t<div class=\"fw-text-inner\">\n\t\t<p>No matter whether I am skiing, climbing or mountaineering, lonely places and unspoiled terrains thrill me the most. To be in nature and to live my dream as a mountain guide and alpinist, proves me that I\u2019m on course. It is important to me to be capable to do what is a great joy to me whether with customers or friends.<\/p>\n<p>Born, bred and living in Moetz in Oberland<\/p>\n\t<\/div>\n<\/div>\t\t<\/div>\n\t<\/div>\n<\/div><div id=\"column-69e04e13c2966\" class=\"fw-col-sm-6 fw-col-md-4 tf-sh-6e432cd79717fc0d276f723af1264437  fw-col-no-padding\" >\n\t<div class=\"fw-wrap-col-inner clearfix\"   >\n\t\t\t\t<div class=\"fw-col-inner\">\n\t\t\t\n\t\t\t        \t\t<div class=\"fw-block-image-parent fw-overlay-1 fw-block-image-icon\"  style=\"width: 100%; \">\n            \t\t\t<a class=\"fw-block-image-child fw-ratio-1 fw-ratio-container\" href=\"\/\/alpin-pro.at\/wp-content\/uploads\/2019\/02\/alexander-bluemel-team-2019.jpg\" data-rel=\"prettyPhoto\" rel=\"prettyPhoto\">\n\t\t\t\t<meta property=\"og:image\" content=\"https:\/\/alpin-pro.at\/wp-content\/uploads\/2019\/02\/alexander-bluemel-team-2019.jpg\" \/><noscript itemscope itemtype=\"https:\/\/schema.org\/ImageObject\" itemprop=\"image\"><img src=\"https:\/\/alpin-pro.at\/wp-content\/uploads\/2019\/02\/alexander-bluemel-team-2019.jpg\"  alt=\"alexander-bluemel-team-2019\" data-maxdpr=\"1.7\" class=\"lazyload\" \/><meta itemprop=\"url\" content=\"https:\/\/alpin-pro.at\/wp-content\/uploads\/2019\/02\/alexander-bluemel-team-2019.jpg\"><meta itemprop=\"width\" content=\"600\"><meta itemprop=\"height\" content=\"600\"><\/noscript><img src=\"data:image\/gif;base64,R0lGODlhAQABAIAAAAAAAP\/\/\/yH5BAEAAAAALAAAAAABAAEAAAIBRAA7\" data-sizes=\"auto\" data-srcset=\"https:\/\/alpin-pro.at\/wp-content\/uploads\/2019\/02\/alexander-bluemel-team-2019-150x150.jpg 150w, https:\/\/alpin-pro.at\/wp-content\/uploads\/2019\/02\/alexander-bluemel-team-2019-300x300.jpg 300w, https:\/\/alpin-pro.at\/wp-content\/uploads\/2019\/02\/alexander-bluemel-team-2019-590x600.jpg 590w, https:\/\/alpin-pro.at\/wp-content\/uploads\/2019\/02\/alexander-bluemel-team-2019-600x600.jpg 600w, https:\/\/alpin-pro.at\/wp-content\/uploads\/2019\/02\/alexander-bluemel-team-2019-600x600.jpg 600w, https:\/\/alpin-pro.at\/wp-content\/uploads\/2019\/02\/alexander-bluemel-team-2019-590x600.jpg 590w, https:\/\/alpin-pro.at\/wp-content\/uploads\/2019\/02\/alexander-bluemel-team-2019-600x590.jpg 600w, https:\/\/alpin-pro.at\/wp-content\/uploads\/2019\/02\/alexander-bluemel-team-2019-300x300.jpg 300w, https:\/\/alpin-pro.at\/wp-content\/uploads\/2019\/02\/alexander-bluemel-team-2019.jpg 600w\"   alt=\"alexander-bluemel-team-2019\" data-maxdpr=\"1.7\" class=\"lazyload\" \/>\t\t\t\t                                    <div class=\"fw-block-image-overlay\">\n                        <div class=\"fw-itable\">\n                            <div class=\"fw-icell\">\n                                <i class=\"fw-icon-zoom\"><\/i>\n                            <\/div>\n                        <\/div>\n                    <\/div>\n                \t\t\t<\/a>\n            \t\t<\/div>\n\n\t\n\t\t<\/div>\n\t<\/div>\n<\/div><\/div>\n\n<div class=\"fw-row\">\n\t<div id=\"column-69e04e13c8287\" class=\"fw-col-sm-8 fw-col-md-8 tf-sh-ca55288defb74c9f68f6f4436474604c  fw-col-no-padding\" >\n\t<div class=\"fw-wrap-col-inner clearfix\"   >\n\t\t\t\t<div class=\"fw-col-inner\">\n\t\t\t<div class=\"fw-text-box tf-sh-5b9a313deee96081b4dee2e7cdf72c6e\" >\n\t<div class=\"fw-text-inner\">\n\t\t<h5 style=\"margin-top: 0;\">QUALIFICATION<\/h5>\n<ul>\n<li>UIAMG mountain- and ski guide<\/li>\n<li>Since 2015 Austrian mountain guide trainer<\/li>\n<li>Since 2015 trainer in the avalanche committee<\/li>\n<li>Since 2016 trainer for young alpinists<\/li>\n<\/ul>\n\t<\/div>\n<\/div><div class=\"text-left\">\t<a href=\"https:\/\/alpin-pro.at\/en\/agb-alexander\/\" target=\"_blank\" class=\"fw-btn tf-sh-abc49b1b339d55660eec3fb27268b581  fw-btn-md  top-spacing fw-btn-1\"  style=\"\">\n\t\t<span >\n\t\t\t<i class=\"pull-left-icon fa fa-angle-right\" style=\"font-size:12px;\"><\/i>Read Terms &amp; Conditions\t\t<\/span>\n\t<\/a>\n<\/div>\t\t<\/div>\n\t<\/div>\n<\/div><\/div>\n\n\t<\/div>\n\t<\/section><section   class=\"fw-main-row  auto  fw-section-position-back\"    >\n\t\t\t<div class=\"fw-container\" >\n\t\t<div class=\"fw-row\">\n\t<div id=\"column-69e04e13c8c09\" class=\"fw-col-sm-12 tf-sh-e18da87cea677839e22213a83b0170d4\" >\n\t<div class=\"fw-wrap-col-inner clearfix\"   >\n\t\t\t\t<div class=\"fw-col-inner\">\n\t\t\t<div class=\"fw-divider-space space-sm  clearfix\"  ><\/div>\t\t<\/div>\n\t<\/div>\n<\/div><\/div>\n\n\t<\/div>\n\t<\/section><\/p>","protected":false},"excerpt":{"rendered":"<p>ALEXANDER BLUEMEL Meine gro\u00dfe Neugier trieb mich schon fr\u00fch dazu an, das Unbekannte in der Welt der Berge zu entdecken. Ob es beim Skifahren, Klettern oder Bergsteigen ist, einsame Orte und unber\u00fchrtes Terrain faszinieren und begeistern mich am meisten. Drau\u00dfen in der Natur zu sein und meinen Traum als Bergf\u00fchrer und Alpinist zu leben gibt [&hellip;]<\/p>","protected":false},"author":1,"featured_media":0,"parent":0,"menu_order":0,"comment_status":"closed","ping_status":"closed","template":"visual-builder-template.php","meta":{"_seopress_robots_primary_cat":""},"_links":{"self":[{"href":"https:\/\/alpin-pro.at\/en\/wp-json\/wp\/v2\/pages\/7226"}],"collection":[{"href":"https:\/\/alpin-pro.at\/en\/wp-json\/wp\/v2\/pages"}],"about":[{"href":"https:\/\/alpin-pro.at\/en\/wp-json\/wp\/v2\/types\/page"}],"author":[{"embeddable":true,"href":"https:\/\/alpin-pro.at\/en\/wp-json\/wp\/v2\/users\/1"}],"replies":[{"embeddable":true,"href":"https:\/\/alpin-pro.at\/en\/wp-json\/wp\/v2\/comments?post=7226"}],"version-history":[{"count":10,"href":"https:\/\/alpin-pro.at\/en\/wp-json\/wp\/v2\/pages\/7226\/revisions"}],"predecessor-version":[{"id":7712,"href":"https:\/\/alpin-pro.at\/en\/wp-json\/wp\/v2\/pages\/7226\/revisions\/7712"}],"wp:attachment":[{"href":"https:\/\/alpin-pro.at\/en\/wp-json\/wp\/v2\/media?parent=7226"}],"curies":[{"name":"wp","href":"https:\/\/api.w.org\/{rel}","templated":true}]}}